{"id":491,"date":"2024-08-28T13:56:47","date_gmt":"2024-08-28T11:56:47","guid":{"rendered":"https:\/\/ehcolo.com\/?page_id=491"},"modified":"2024-12-03T09:32:39","modified_gmt":"2024-12-03T08:32:39","slug":"pallebeskyttelse","status":"publish","type":"page","link":"https:\/\/ehcolo.com\/da\/pallebeskyttelse\/","title":{"rendered":"Pallebeskyttelse"},"content":{"rendered":"<div data-elementor-type=\"wp-page\" data-elementor-id=\"491\" class=\"elementor elementor-491\" data-elementor-post-type=\"page\">\n\t\t\t\t\t\t<header class=\"elementor-section elementor-top-section elementor-element elementor-element-f5da1b0 elementor-section-full_width elementor-section-height-min-height elementor-section-height-default elementor-section-items-middle\" data-id=\"f5da1b0\" data-element_type=\"section\" data-e-type=\"section\">\n\t\t\t\t\t\t<div class=\"elementor-container elementor-column-gap-default\">\n\t\t\t\t\t<div class=\"elementor-column elementor-col-100 elementor-top-column elementor-element elementor-element-d452eda\" data-id=\"d452eda\" data-element_type=\"column\" data-e-type=\"column\">\n\t\t\t<div class=\"elementor-widget-wrap elementor-element-populated\">\n\t\t\t\t\t\t<div class=\"elementor-element elementor-element-4495e4c elementor-cta--skin-cover elementor-animated-content elementor-bg-transform elementor-bg-transform-zoom-in elementor-widget elementor-widget-call-to-action\" data-id=\"4495e4c\" data-element_type=\"widget\" data-e-type=\"widget\" data-widget_type=\"call-to-action.default\">\n\t\t\t\t<div class=\"elementor-widget-container\">\n\t\t\t\t\t\t\t<div class=\"elementor-cta\">\n\t\t\t\t\t<div class=\"elementor-cta__bg-wrapper\">\n\t\t\t\t<div class=\"elementor-cta__bg elementor-bg\" style=\"background-image: url(https:\/\/ehcolo.com\/wp-content\/uploads\/2024\/08\/sec-tech-1-1.jpg);\" role=\"img\" aria-label=\"sec-tech-1-1.jpg\"><\/div>\n\t\t\t\t<div class=\"elementor-cta__bg-overlay\"><\/div>\n\t\t\t<\/div>\n\t\t\t\t\t\t\t<div class=\"elementor-cta__content\">\n\t\t\t\t\n\t\t\t\t\t\t\t\t\t<h1 class=\"elementor-cta__title elementor-cta__content-item elementor-content-item elementor-animated-item--grow\">\n\t\t\t\t\t\tPallebeskyttelse\t\t\t\t\t<\/h1>\n\t\t\t\t\n\t\t\t\t\n\t\t\t\t\t\t\t<\/div>\n\t\t\t\t\t\t<\/div>\n\t\t\t\t\t\t<\/div>\n\t\t\t\t<\/div>\n\t\t\t\t\t<\/div>\n\t\t<\/div>\n\t\t\t\t\t<\/div>\n\t\t<\/header>\n\t\t\t\t<section class=\"elementor-section elementor-top-section elementor-element elementor-element-2afc842 elementor-section-boxed elementor-section-height-default elementor-section-height-default\" data-id=\"2afc842\" data-element_type=\"section\" data-e-type=\"section\">\n\t\t\t\t\t\t<div class=\"elementor-container elementor-column-gap-default\">\n\t\t\t\t\t<div class=\"elementor-column elementor-col-100 elementor-top-column elementor-element elementor-element-81b89d2\" data-id=\"81b89d2\" data-element_type=\"column\" data-e-type=\"column\">\n\t\t\t<div class=\"elementor-widget-wrap elementor-element-populated\">\n\t\t\t\t\t\t<div class=\"elementor-element elementor-element-1ff5e16 elementor-widget elementor-widget-spacer\" data-id=\"1ff5e16\" data-element_type=\"widget\" data-e-type=\"widget\" data-widget_type=\"spacer.default\">\n\t\t\t\t<div class=\"elementor-widget-container\">\n\t\t\t\t\t\t\t<div class=\"elementor-spacer\">\n\t\t\t<div class=\"elementor-spacer-inner\"><\/div>\n\t\t<\/div>\n\t\t\t\t\t\t<\/div>\n\t\t\t\t<\/div>\n\t\t\t\t<div class=\"elementor-element elementor-element-8e5d442 elementor-widget elementor-widget-heading\" data-id=\"8e5d442\" data-element_type=\"widget\" data-e-type=\"widget\" data-widget_type=\"heading.default\">\n\t\t\t\t<div class=\"elementor-widget-container\">\n\t\t\t\t\t<h2 class=\"elementor-heading-title elementor-size-default\">Str\u00e6kfilm maskiner og palleomviklere af bedste kvalitet<\/h2>\t\t\t\t<\/div>\n\t\t\t\t<\/div>\n\t\t\t\t<div class=\"elementor-element elementor-element-8d26703 elementor-widget elementor-widget-text-editor\" data-id=\"8d26703\" data-element_type=\"widget\" data-e-type=\"widget\" data-widget_type=\"text-editor.default\">\n\t\t\t\t<div class=\"elementor-widget-container\">\n\t\t\t\t\t\t\t\t\t<p>Vi leverer og installerer to typer pallesikrings-\/stabiliseringsmaskiner. To typer str\u00e6kh\u00e6tter, en med en rulle og en med to ruller film, s\u00e5 vi kan d\u00e6kke hele spektret af standard pallest\u00f8rrelser. Derudover kan vi levere et komplet udvalg af str\u00e6kviklere fra vores partner Unitech Italy, som har samme h\u00f8je kvalitet som vores egenfremstillede maskiner. Begge typer leveres i forbindelse med vores n\u00f8glef\u00e6rdige pakkelinjer eller som &quot;stand-alone&quot; enkeltmaskiner.<\/p>\t\t\t\t\t\t\t\t<\/div>\n\t\t\t\t<\/div>\n\t\t\t\t<div class=\"elementor-element elementor-element-58ec70b elementor-widget elementor-widget-spacer\" data-id=\"58ec70b\" data-element_type=\"widget\" data-e-type=\"widget\" data-widget_type=\"spacer.default\">\n\t\t\t\t<div class=\"elementor-widget-container\">\n\t\t\t\t\t\t\t<div class=\"elementor-spacer\">\n\t\t\t<div class=\"elementor-spacer-inner\"><\/div>\n\t\t<\/div>\n\t\t\t\t\t\t<\/div>\n\t\t\t\t<\/div>\n\t\t\t\t\t<\/div>\n\t\t<\/div>\n\t\t\t\t\t<\/div>\n\t\t<\/section>\n\t\t\t\t<section class=\"elementor-section elementor-top-section elementor-element elementor-element-b10159e elementor-section-boxed elementor-section-height-default elementor-section-height-default\" data-id=\"b10159e\" data-element_type=\"section\" data-e-type=\"section\">\n\t\t\t\t\t\t<div class=\"elementor-container elementor-column-gap-default\">\n\t\t\t\t\t<div class=\"elementor-column elementor-col-100 elementor-top-column elementor-element elementor-element-da9696e\" data-id=\"da9696e\" data-element_type=\"column\" data-e-type=\"column\">\n\t\t\t<div class=\"elementor-widget-wrap elementor-element-populated\">\n\t\t\t\t\t\t<div class=\"elementor-element elementor-element-0ed044c elementor-widget__width-auto elementor-widget elementor-widget-image\" data-id=\"0ed044c\" data-element_type=\"widget\" data-e-type=\"widget\" data-widget_type=\"image.default\">\n\t\t\t\t<div class=\"elementor-widget-container\">\n\t\t\t\t\t\t\t\t\t\t\t\t<figure class=\"wp-caption\">\n\t\t\t\t\t\t\t\t\t\t\t<a href=\"\/da\/straekfilm-maskine\/\">\n\t\t\t\t\t\t\t<img fetchpriority=\"high\" decoding=\"async\" width=\"800\" height=\"566\" src=\"https:\/\/ehcolo.com\/wp-content\/uploads\/2024\/08\/HS1-1024x724.jpg\" class=\"attachment-large size-large wp-image-495\" alt=\"\" srcset=\"https:\/\/ehcolo.com\/wp-content\/uploads\/2024\/08\/HS1-1024x724.jpg 1024w, https:\/\/ehcolo.com\/wp-content\/uploads\/2024\/08\/HS1-300x212.jpg 300w, https:\/\/ehcolo.com\/wp-content\/uploads\/2024\/08\/HS1-768x543.jpg 768w, https:\/\/ehcolo.com\/wp-content\/uploads\/2024\/08\/HS1-18x12.jpg 18w, https:\/\/ehcolo.com\/wp-content\/uploads\/2024\/08\/HS1.jpg 1132w\" sizes=\"(max-width: 800px) 100vw, 800px\" \/>\t\t\t\t\t\t\t\t<\/a>\n\t\t\t\t\t\t\t\t\t\t\t<figcaption class=\"widget-image-caption wp-caption-text\"><a href=\"\/da\/straekfilm-maskine\/\">H\u00e6ttestr\u00e6kanl\u00e6g<\/a><\/figcaption>\n\t\t\t\t\t\t\t\t\t\t<\/figure>\n\t\t\t\t\t\t\t\t\t<\/div>\n\t\t\t\t<\/div>\n\t\t\t\t<div class=\"elementor-element elementor-element-3703b5c elementor-widget__width-auto elementor-widget elementor-widget-image\" data-id=\"3703b5c\" data-element_type=\"widget\" data-e-type=\"widget\" data-widget_type=\"image.default\">\n\t\t\t\t<div class=\"elementor-widget-container\">\n\t\t\t\t\t\t\t\t\t\t\t\t<figure class=\"wp-caption\">\n\t\t\t\t\t\t\t\t\t\t\t<a href=\"\/da\/straekfilmviklere\/\">\n\t\t\t\t\t\t\t<img decoding=\"async\" width=\"400\" height=\"227\" src=\"https:\/\/ehcolo.com\/wp-content\/uploads\/2024\/08\/pallet-protectionv1-p4x6ebwhngttqo3dmju4694nh7srvaqznkofl1968u.jpg\" class=\"attachment-large size-large wp-image-496\" alt=\"\" srcset=\"https:\/\/ehcolo.com\/wp-content\/uploads\/2024\/08\/pallet-protectionv1-p4x6ebwhngttqo3dmju4694nh7srvaqznkofl1968u.jpg 400w, https:\/\/ehcolo.com\/wp-content\/uploads\/2024\/08\/pallet-protectionv1-p4x6ebwhngttqo3dmju4694nh7srvaqznkofl1968u-300x170.jpg 300w, https:\/\/ehcolo.com\/wp-content\/uploads\/2024\/08\/pallet-protectionv1-p4x6ebwhngttqo3dmju4694nh7srvaqznkofl1968u-18x10.jpg 18w\" sizes=\"(max-width: 400px) 100vw, 400px\" \/>\t\t\t\t\t\t\t\t<\/a>\n\t\t\t\t\t\t\t\t\t\t\t<figcaption class=\"widget-image-caption wp-caption-text\"><a href=\"\/da\/straekfilmviklere\/\">Palleomvikler<\/a><\/figcaption>\n\t\t\t\t\t\t\t\t\t\t<\/figure>\n\t\t\t\t\t\t\t\t\t<\/div>\n\t\t\t\t<\/div>\n\t\t\t\t\t<\/div>\n\t\t<\/div>\n\t\t\t\t\t<\/div>\n\t\t<\/section>\n\t\t\t\t<\/div>","protected":false},"excerpt":{"rendered":"<p>Pallet protection and stabilization Stretch Hooder and Stretch Wrapper machines in the best quality We supply and install two types of pallet protection\/stabilizing machines. Two types of stretch hooders, one with one roll and one with two rolls of film, so that we can cover the full range of standard pallet sizes. Further we can [&hellip;]<\/p>\n","protected":false},"author":2,"featured_media":0,"parent":0,"menu_order":0,"comment_status":"closed","ping_status":"closed","template":"","meta":{"footnotes":""},"class_list":["post-491","page","type-page","status-publish","hentry"],"yoast_head":"<!-- This site is optimized with the Yoast SEO plugin v27.4 - https:\/\/yoast.com\/product\/yoast-seo-wordpress\/ -->\n<title>Stretch hood and wrap machines | Ehcolo<\/title>\n<meta name=\"description\" content=\"Explore Ehcolo&#039;s stretch hood and wrap machines for optimal pallet protection. Reliable, efficient, and tailored to your packaging.\" \/>\n<meta name=\"robots\" content=\"index, follow, max-snippet:-1, max-image-preview:large, max-video-preview:-1\" \/>\n<link rel=\"canonical\" href=\"https:\/\/ehcolo.com\/da\/pallebeskyttelse\/\" \/>\n<meta property=\"og:locale\" content=\"da_DK\" \/>\n<meta property=\"og:type\" content=\"article\" \/>\n<meta property=\"og:title\" content=\"Stretch hood and wrap machines | Ehcolo\" \/>\n<meta property=\"og:description\" content=\"Explore Ehcolo&#039;s stretch hood and wrap machines for optimal pallet protection. Reliable, efficient, and tailored to your packaging.\" \/>\n<meta property=\"og:url\" content=\"https:\/\/ehcolo.com\/da\/pallebeskyttelse\/\" \/>\n<meta property=\"og:site_name\" content=\"Ehcolo\" \/>\n<meta property=\"article:modified_time\" content=\"2024-12-03T08:32:39+00:00\" \/>\n<meta property=\"og:image\" content=\"https:\/\/ehcolo.com\/wp-content\/uploads\/2024\/08\/HS1.jpg\" \/>\n\t<meta property=\"og:image:width\" content=\"1132\" \/>\n\t<meta property=\"og:image:height\" content=\"800\" \/>\n\t<meta property=\"og:image:type\" content=\"image\/jpeg\" \/>\n<meta name=\"twitter:card\" content=\"summary_large_image\" \/>\n<meta name=\"twitter:label1\" content=\"Estimeret l\u00e6setid\" \/>\n\t<meta name=\"twitter:data1\" content=\"1 minut\" \/>\n<!-- \/ Yoast SEO plugin. -->","yoast_head_json":{"title":"Str\u00e6kfilm maskine og palleomvikler | Ehcolo","description":"Str\u00e6kfilm maskine og palleomvikler for optimal pallebeskyttelse. P\u00e5lidelig, effektiv og skr\u00e6ddersyet til din virksomhed.","robots":{"index":"index","follow":"follow","max-snippet":"max-snippet:-1","max-image-preview":"max-image-preview:large","max-video-preview":"max-video-preview:-1"},"canonical":"https:\/\/ehcolo.com\/da\/pallebeskyttelse\/","og_locale":"da_DK","og_type":"article","og_title":"Stretch hood and wrap machines | Ehcolo","og_description":"Explore Ehcolo's stretch hood and wrap machines for optimal pallet protection. Reliable, efficient, and tailored to your packaging.","og_url":"https:\/\/ehcolo.com\/da\/pallebeskyttelse\/","og_site_name":"Ehcolo","article_modified_time":"2024-12-03T08:32:39+00:00","og_image":[{"width":1132,"height":800,"url":"https:\/\/ehcolo.com\/wp-content\/uploads\/2024\/08\/HS1.jpg","type":"image\/jpeg"}],"twitter_card":"summary_large_image","twitter_misc":{"Estimeret l\u00e6setid":"1 minut"},"schema":{"@context":"https:\/\/schema.org","@graph":[{"@type":"WebPage","@id":"https:\/\/ehcolo.com\/en\/pallet-protection\/","url":"https:\/\/ehcolo.com\/en\/pallet-protection\/","name":"Str\u00e6kfilm maskine og palleomvikler | Ehcolo","isPartOf":{"@id":"https:\/\/ehcolo.com\/en\/#website"},"primaryImageOfPage":{"@id":"https:\/\/ehcolo.com\/en\/pallet-protection\/#primaryimage"},"image":{"@id":"https:\/\/ehcolo.com\/en\/pallet-protection\/#primaryimage"},"thumbnailUrl":"https:\/\/ehcolo.com\/wp-content\/uploads\/2024\/08\/HS1-1024x724.jpg","datePublished":"2024-08-28T11:56:47+00:00","dateModified":"2024-12-03T08:32:39+00:00","description":"Str\u00e6kfilm maskine og palleomvikler for optimal pallebeskyttelse. P\u00e5lidelig, effektiv og skr\u00e6ddersyet til din virksomhed.","breadcrumb":{"@id":"https:\/\/ehcolo.com\/en\/pallet-protection\/#breadcrumb"},"inLanguage":"da-DK","potentialAction":[{"@type":"ReadAction","target":["https:\/\/ehcolo.com\/en\/pallet-protection\/"]}]},{"@type":"ImageObject","inLanguage":"da-DK","@id":"https:\/\/ehcolo.com\/en\/pallet-protection\/#primaryimage","url":"https:\/\/ehcolo.com\/wp-content\/uploads\/2024\/08\/HS1-1024x724.jpg","contentUrl":"https:\/\/ehcolo.com\/wp-content\/uploads\/2024\/08\/HS1-1024x724.jpg"},{"@type":"BreadcrumbList","@id":"https:\/\/ehcolo.com\/en\/pallet-protection\/#breadcrumb","itemListElement":[{"@type":"ListItem","position":1,"name":"Home","item":"https:\/\/ehcolo.com\/"},{"@type":"ListItem","position":2,"name":"Pallet Protection"}]},{"@type":"WebSite","@id":"https:\/\/ehcolo.com\/en\/#website","url":"https:\/\/ehcolo.com\/en\/","name":"Ehcolo","description":"","publisher":{"@id":"https:\/\/ehcolo.com\/en\/#organization"},"potentialAction":[{"@type":"SearchAction","target":{"@type":"EntryPoint","urlTemplate":"https:\/\/ehcolo.com\/en\/?s={search_term_string}"},"query-input":{"@type":"PropertyValueSpecification","valueRequired":true,"valueName":"search_term_string"}}],"inLanguage":"da-DK"},{"@type":"Organization","@id":"https:\/\/ehcolo.com\/en\/#organization","name":"Ehcolo","url":"https:\/\/ehcolo.com\/en\/","logo":{"@type":"ImageObject","inLanguage":"da-DK","@id":"https:\/\/ehcolo.com\/en\/#\/schema\/logo\/image\/","url":"https:\/\/ehcolo.com\/wp-content\/uploads\/2024\/08\/Ehcolo_logo_u_bg-1.svg","contentUrl":"https:\/\/ehcolo.com\/wp-content\/uploads\/2024\/08\/Ehcolo_logo_u_bg-1.svg","width":202,"height":57,"caption":"Ehcolo"},"image":{"@id":"https:\/\/ehcolo.com\/en\/#\/schema\/logo\/image\/"}}]}},"_links":{"self":[{"href":"https:\/\/ehcolo.com\/da\/wp-json\/wp\/v2\/pages\/491","targetHints":{"allow":["GET"]}}],"collection":[{"href":"https:\/\/ehcolo.com\/da\/wp-json\/wp\/v2\/pages"}],"about":[{"href":"https:\/\/ehcolo.com\/da\/wp-json\/wp\/v2\/types\/page"}],"author":[{"embeddable":true,"href":"https:\/\/ehcolo.com\/da\/wp-json\/wp\/v2\/users\/2"}],"replies":[{"embeddable":true,"href":"https:\/\/ehcolo.com\/da\/wp-json\/wp\/v2\/comments?post=491"}],"version-history":[{"count":0,"href":"https:\/\/ehcolo.com\/da\/wp-json\/wp\/v2\/pages\/491\/revisions"}],"wp:attachment":[{"href":"https:\/\/ehcolo.com\/da\/wp-json\/wp\/v2\/media?parent=491"}],"curies":[{"name":"wp","href":"https:\/\/api.w.org\/{rel}","templated":true}]}}