{"id":527,"date":"2024-08-28T14:13:25","date_gmt":"2024-08-28T12:13:25","guid":{"rendered":"https:\/\/ehcolo.com\/?page_id=527"},"modified":"2025-02-27T10:16:34","modified_gmt":"2025-02-27T09:16:34","slug":"container-laesning-uden-paller","status":"publish","type":"page","link":"https:\/\/ehcolo.com\/da\/container-laesning-uden-paller\/","title":{"rendered":"Containerindl\u00e6sning uden paller\u00e2\u20ac\u2039"},"content":{"rendered":"\t\t<div data-elementor-type=\"wp-page\" data-elementor-id=\"527\" class=\"elementor elementor-527\" data-elementor-post-type=\"page\">\n\t\t\t\t\t\t<header class=\"elementor-section elementor-top-section elementor-element elementor-element-a90296b elementor-section-full_width elementor-section-height-min-height elementor-section-height-default elementor-section-items-middle\" data-id=\"a90296b\" data-element_type=\"section\" data-e-type=\"section\">\n\t\t\t\t\t\t<div class=\"elementor-container elementor-column-gap-default\">\n\t\t\t\t\t<div class=\"elementor-column elementor-col-100 elementor-top-column elementor-element elementor-element-200449c\" data-id=\"200449c\" data-element_type=\"column\" data-e-type=\"column\">\n\t\t\t<div class=\"elementor-widget-wrap elementor-element-populated\">\n\t\t\t\t\t\t<div class=\"elementor-element elementor-element-a865864 elementor-cta--skin-cover elementor-animated-content elementor-bg-transform elementor-bg-transform-zoom-in elementor-widget elementor-widget-call-to-action\" data-id=\"a865864\" data-element_type=\"widget\" data-e-type=\"widget\" data-widget_type=\"call-to-action.default\">\n\t\t\t\t<div class=\"elementor-widget-container\">\n\t\t\t\t\t\t\t<div class=\"elementor-cta\">\n\t\t\t\t\t<div class=\"elementor-cta__bg-wrapper\">\n\t\t\t\t<div class=\"elementor-cta__bg elementor-bg\" style=\"background-image: url(https:\/\/ehcolo.com\/wp-content\/uploads\/2024\/08\/sec-tech-1-1.jpg);\" role=\"img\" aria-label=\"sec-tech-1-1.jpg\"><\/div>\n\t\t\t\t<div class=\"elementor-cta__bg-overlay\"><\/div>\n\t\t\t<\/div>\n\t\t\t\t\t\t\t<div class=\"elementor-cta__content\">\n\t\t\t\t\n\t\t\t\t\t\t\t\t\t<h1 class=\"elementor-cta__title elementor-cta__content-item elementor-content-item elementor-animated-item--grow\">\n\t\t\t\t\t\tPalletless container loading of bags and boxes\t\t\t\t\t<\/h1>\n\t\t\t\t\n\t\t\t\t\n\t\t\t\t\t\t\t<\/div>\n\t\t\t\t\t\t<\/div>\n\t\t\t\t\t\t<\/div>\n\t\t\t\t<\/div>\n\t\t\t\t\t<\/div>\n\t\t<\/div>\n\t\t\t\t\t<\/div>\n\t\t<\/header>\n\t\t\t\t<section class=\"elementor-section elementor-top-section elementor-element elementor-element-cd5fbe2 elementor-section-boxed elementor-section-height-default elementor-section-height-default\" data-id=\"cd5fbe2\" data-element_type=\"section\" data-e-type=\"section\">\n\t\t\t\t\t\t<div class=\"elementor-container elementor-column-gap-default\">\n\t\t\t\t\t<div class=\"elementor-column elementor-col-100 elementor-top-column elementor-element elementor-element-bbd0cfa\" data-id=\"bbd0cfa\" data-element_type=\"column\" data-e-type=\"column\">\n\t\t\t<div class=\"elementor-widget-wrap elementor-element-populated\">\n\t\t\t\t\t\t<div class=\"elementor-element elementor-element-4b2fec7 elementor-widget elementor-widget-spacer\" data-id=\"4b2fec7\" data-element_type=\"widget\" data-e-type=\"widget\" data-widget_type=\"spacer.default\">\n\t\t\t\t<div class=\"elementor-widget-container\">\n\t\t\t\t\t\t\t<div class=\"elementor-spacer\">\n\t\t\t<div class=\"elementor-spacer-inner\"><\/div>\n\t\t<\/div>\n\t\t\t\t\t\t<\/div>\n\t\t\t\t<\/div>\n\t\t\t\t\t<\/div>\n\t\t<\/div>\n\t\t\t\t\t<\/div>\n\t\t<\/section>\n\t\t\t\t<section class=\"elementor-section elementor-top-section elementor-element elementor-element-12fd70f elementor-section-boxed elementor-section-height-default elementor-section-height-default\" data-id=\"12fd70f\" data-element_type=\"section\" data-e-type=\"section\">\n\t\t\t\t\t\t<div class=\"elementor-container elementor-column-gap-default\">\n\t\t\t\t\t<div class=\"elementor-column elementor-col-50 elementor-top-column elementor-element elementor-element-5b2986d\" data-id=\"5b2986d\" data-element_type=\"column\" data-e-type=\"column\">\n\t\t\t<div class=\"elementor-widget-wrap elementor-element-populated\">\n\t\t\t\t\t\t<div class=\"elementor-element elementor-element-f94c936 elementor-widget elementor-widget-heading\" data-id=\"f94c936\" data-element_type=\"widget\" data-e-type=\"widget\" data-widget_type=\"heading.default\">\n\t\t\t\t<div class=\"elementor-widget-container\">\n\t\t\t\t\t<h2 class=\"elementor-heading-title elementor-size-default\">Container bag loading without pallets<\/h2>\t\t\t\t<\/div>\n\t\t\t\t<\/div>\n\t\t\t\t<div class=\"elementor-element elementor-element-a575fe0 elementor-widget elementor-widget-text-editor\" data-id=\"a575fe0\" data-element_type=\"widget\" data-e-type=\"widget\" data-widget_type=\"text-editor.default\">\n\t\t\t\t<div class=\"elementor-widget-container\">\n\t\t\t\t\t\t\t\t\t<p><span style=\"font-weight: 400;\">We have for since 1987 manufactured and supplied loading systems for bag loads into containers and trucks without pallets, resulting in no manual work. You will be surprised how simple and effective it is.<\/span><\/p>\n<p><span style=\"font-weight: 400;\">The purpose of our pallet remover system (as seen on the video below) is to load ship containers to the roof with bag or box loads, fast and without damaging the goods in any way and without any manual work.<\/span><\/p>\n<p><span style=\"font-weight: 400;\">The container loading system requires a standard forklift truck, the pallet remover itself type PR and a standard forklift truck mounted with a push-off device and loading plates on the forks, the last forklift truck shall be able to drive into a container. These options for the FLT can be obtained by your FLT dealer.<\/span><\/p>\n<p><span style=\"font-weight: 400;\">In case you have too much overhang on the full pallets, we can supply a hydraulic pallet load press, where the FLT enter either with the load long wise or cross wise, push a wireless button and the load get pressed together, making it possible and easy to unload in the container.<\/span><\/p>\t\t\t\t\t\t\t\t<\/div>\n\t\t\t\t<\/div>\n\t\t\t\t<div class=\"elementor-element elementor-element-03d10cd elementor-widget elementor-widget-spacer\" data-id=\"03d10cd\" data-element_type=\"widget\" data-e-type=\"widget\" data-widget_type=\"spacer.default\">\n\t\t\t\t<div class=\"elementor-widget-container\">\n\t\t\t\t\t\t\t<div class=\"elementor-spacer\">\n\t\t\t<div class=\"elementor-spacer-inner\"><\/div>\n\t\t<\/div>\n\t\t\t\t\t\t<\/div>\n\t\t\t\t<\/div>\n\t\t\t\t\t<\/div>\n\t\t<\/div>\n\t\t\t\t<div class=\"elementor-column elementor-col-50 elementor-top-column elementor-element elementor-element-2a73d5c\" data-id=\"2a73d5c\" data-element_type=\"column\" data-e-type=\"column\">\n\t\t\t<div class=\"elementor-widget-wrap elementor-element-populated\">\n\t\t\t\t\t\t<div class=\"elementor-element elementor-element-7d31bea elementor-widget elementor-widget-image\" data-id=\"7d31bea\" data-element_type=\"widget\" data-e-type=\"widget\" data-widget_type=\"image.default\">\n\t\t\t\t<div class=\"elementor-widget-container\">\n\t\t\t\t\t\t\t\t\t\t\t\t\t\t\t<img fetchpriority=\"high\" decoding=\"async\" width=\"700\" height=\"467\" src=\"https:\/\/ehcolo.com\/wp-content\/uploads\/2024\/08\/Pallet-Load-press-front.jpg\" class=\"attachment-full size-full wp-image-532\" alt=\"\" srcset=\"https:\/\/ehcolo.com\/wp-content\/uploads\/2024\/08\/Pallet-Load-press-front.jpg 700w, https:\/\/ehcolo.com\/wp-content\/uploads\/2024\/08\/Pallet-Load-press-front-300x200.jpg 300w, https:\/\/ehcolo.com\/wp-content\/uploads\/2024\/08\/Pallet-Load-press-front-18x12.jpg 18w\" sizes=\"(max-width: 700px) 100vw, 700px\" \/>\t\t\t\t\t\t\t\t\t\t\t\t\t\t\t<\/div>\n\t\t\t\t<\/div>\n\t\t\t\t<div class=\"elementor-element elementor-element-d1154d4 elementor-widget elementor-widget-image\" data-id=\"d1154d4\" data-element_type=\"widget\" data-e-type=\"widget\" data-widget_type=\"image.default\">\n\t\t\t\t<div class=\"elementor-widget-container\">\n\t\t\t\t\t\t\t\t\t\t\t\t\t\t\t<img decoding=\"async\" width=\"700\" height=\"467\" src=\"https:\/\/ehcolo.com\/wp-content\/uploads\/2024\/08\/Pallet-remover-2019.jpg\" class=\"attachment-full size-full wp-image-534\" alt=\"\" srcset=\"https:\/\/ehcolo.com\/wp-content\/uploads\/2024\/08\/Pallet-remover-2019.jpg 700w, https:\/\/ehcolo.com\/wp-content\/uploads\/2024\/08\/Pallet-remover-2019-300x200.jpg 300w, https:\/\/ehcolo.com\/wp-content\/uploads\/2024\/08\/Pallet-remover-2019-18x12.jpg 18w\" sizes=\"(max-width: 700px) 100vw, 700px\" \/>\t\t\t\t\t\t\t\t\t\t\t\t\t\t\t<\/div>\n\t\t\t\t<\/div>\n\t\t\t\t<div class=\"elementor-element elementor-element-46caa53 elementor-widget elementor-widget-spacer\" data-id=\"46caa53\" data-element_type=\"widget\" data-e-type=\"widget\" data-widget_type=\"spacer.default\">\n\t\t\t\t<div class=\"elementor-widget-container\">\n\t\t\t\t\t\t\t<div class=\"elementor-spacer\">\n\t\t\t<div class=\"elementor-spacer-inner\"><\/div>\n\t\t<\/div>\n\t\t\t\t\t\t<\/div>\n\t\t\t\t<\/div>\n\t\t\t\t\t<\/div>\n\t\t<\/div>\n\t\t\t\t\t<\/div>\n\t\t<\/section>\n\t\t\t\t<section class=\"elementor-section elementor-top-section elementor-element elementor-element-58d5ede elementor-section-boxed elementor-section-height-default elementor-section-height-default\" data-id=\"58d5ede\" data-element_type=\"section\" data-e-type=\"section\" data-settings=\"{&quot;background_background&quot;:&quot;classic&quot;}\">\n\t\t\t\t\t\t<div class=\"elementor-container elementor-column-gap-default\">\n\t\t\t\t\t<div class=\"elementor-column elementor-col-100 elementor-top-column elementor-element elementor-element-7359fcc\" data-id=\"7359fcc\" data-element_type=\"column\" data-e-type=\"column\">\n\t\t\t<div class=\"elementor-widget-wrap elementor-element-populated\">\n\t\t\t\t\t\t<div class=\"elementor-element elementor-element-4635d8d elementor-widget elementor-widget-heading\" data-id=\"4635d8d\" data-element_type=\"widget\" data-e-type=\"widget\" data-widget_type=\"heading.default\">\n\t\t\t\t<div class=\"elementor-widget-container\">\n\t\t\t\t\t<h2 class=\"elementor-heading-title elementor-size-default\">Video container loading without pallets<\/h2>\t\t\t\t<\/div>\n\t\t\t\t<\/div>\n\t\t\t\t<div class=\"elementor-element elementor-element-4698d4e elementor-layout-start e-tabs-view-vertical elementor-widget elementor-widget-video-playlist\" data-id=\"4698d4e\" data-element_type=\"widget\" data-e-type=\"widget\" data-settings=\"{&quot;playlist_title&quot;:&quot;See the video of container loading&quot;,&quot;tabs&quot;:[{&quot;title&quot;:&quot;From palletizer to ship container palletless loading&quot;,&quot;youtube_url&quot;:&quot;https:\\\/\\\/youtu.be\\\/_GtH9uNI4Pc&quot;,&quot;duration&quot;:&quot;1:51&quot;,&quot;thumbnail&quot;:{&quot;url&quot;:&quot;https:\\\/\\\/ehcolo.com\\\/wp-content\\\/uploads\\\/2025\\\/01\\\/Skaermbillede-2025-01-20-kl.-15.03.05.jpg&quot;,&quot;id&quot;:3201,&quot;size&quot;:&quot;&quot;,&quot;alt&quot;:&quot;&quot;,&quot;source&quot;:&quot;library&quot;},&quot;_id&quot;:&quot;f306ae5&quot;,&quot;vimeo_url&quot;:null,&quot;inner_tab_content_1&quot;:null,&quot;type&quot;:&quot;youtube&quot;,&quot;is_external_url&quot;:null,&quot;hosted_url&quot;:null,&quot;external_url&quot;:null,&quot;section_html_tag&quot;:null,&quot;video_html_tag&quot;:&quot;h4&quot;,&quot;inner_tab_is_content_visible&quot;:&quot;&quot;,&quot;inner_tab_content_2&quot;:null},{&quot;_id&quot;:&quot;db0cdd8&quot;,&quot;type&quot;:&quot;section&quot;,&quot;vimeo_url&quot;:null,&quot;title&quot;:&quot;&lt;a href=\\&quot;\\\/en\\\/contact\\\/\\&quot;&gt;Contact us&lt;\\\/a&gt;&quot;,&quot;section_html_tag&quot;:&quot;div&quot;,&quot;thumbnail&quot;:null,&quot;inner_tab_content_1&quot;:null,&quot;youtube_url&quot;:null,&quot;is_external_url&quot;:null,&quot;hosted_url&quot;:null,&quot;external_url&quot;:null,&quot;video_html_tag&quot;:null,&quot;duration&quot;:null,&quot;inner_tab_is_content_visible&quot;:null,&quot;inner_tab_content_2&quot;:null}]}\" data-widget_type=\"video-playlist.default\">\n\t\t\t\t<div class=\"elementor-widget-container\">\n\t\t\t\t\t\n\t\t<div class=\"e-tabs\" role=\"region\" aria-labelledby=\"e-playlist-4698d4e\">\n\t\t\t<div class=\"e-tabs-main-area\">\n\t\t\t\t<div class=\"e-tabs-wrapper\">\n\t\t\t\t\t<div class=\"e-tabs-header\">\n\t\t\t\t\t\t<h2 class=\"e-tabs-title\" id=\"e-playlist-4698d4e\">See the video of container loading<\/h2>\n\t\t\t\t\t\t<div class=\"e-tabs-header-right-side\">\n\t\t\t\t\t\t\t\t\t\t\t\t\t\t\t<span class=\"e-tabs-videos-count\">1 Videoer<\/span>\n\t\t\t\t\t\t\t\t\t\t\t\t\t\t<i aria-hidden=\"true\" class=\"e-tabs-toggle-videos-display-button rotate-down eicon-caret-down\"><\/i>\t\t\t\t\t\t<\/div>\n\t\t\t\t\t<\/div>\n\t\t\t\t\t<div class=\"e-tabs-items-wrapper\">\n\t\t\t\t\t\t<div class=\"e-tabs-items\" role=\"tablist\">\n\t\t\t\t\t\t\t\t\t\t\t\t\t\t\t\t\t\t\t\t\t\t\t\t<div id=\"e-tab-title-7401\" class=\"e-tab-title e-tab-desktop-title\" aria-selected=\"true\" data-tab=\"1\" role=\"tab\" tabindex=\"0\" aria-controls=\"e-tab-content-7401\">\n\t\t\t\t\t\t\t\t\t\t\t\t\t\t\t\t\t\t\t\t\t<div class=\"e-tab-thumbnail\">\n\t\t\t\t\t\t\t\t\t\t\t\t\t\t\t\t\t\t\t\t\t\t\t\t\t<img decoding=\"async\" src=\"https:\/\/ehcolo.com\/wp-content\/uploads\/2025\/01\/Skaermbillede-2025-01-20-kl.-15.03.05.jpg\" alt=\"From palletizer to ship container palletless loading\" loading=\"lazy\" \/>\n\t\t\t\t\t\t\t\t\t\t\t\t\t\t\t\t\t\t\t\t\t\t\t\t<span class=\"icon-play\"><\/span>\n\t\t\t\t\t\t\t\t\t\t\t\t<span class=\"icon-watched\"><\/span>\n\t\t\t\t\t\t\t\t\t\t\t<\/div>\n\t\t\t\t\t\t\t\t\t\t\t\t\t\t\t\t\t\t\t\t<h4 class=\"e-tab-title-text\">\n\t\t\t\t\t\t\t\t\t\t\t<button type=\"button\">From palletizer to ship container palletless loading<\/button>\n\t\t\t\t\t\t\t\t\t\t<\/h4>\n\t\t\t\t\t\t\t\t\t\t\t\t\t\t\t\t\t\t\t\t\t<span class=\"e-tab-duration\">1:51<\/span>\n\t\t\t\t\t\t\t\t\t\t\t\t\t\t\t\t\t\t\t<\/div>\n\t\t\t\t\t\t\t\t\t\t\t\t\t\t\t\t\t\t\t\t\t\t\t\t\t\t\t\t\t\t\t\t<div class=\"e-section-title\"><a href=\"\/en\/contact\/\">Contact us<\/a><\/div>\n\t\t\t\t\t\t\t\t\t\t\t\t\t\t\t\t\t\t\t\t\t<\/div>\n\t\t\t\t\t\t<div class=\"shadow shadow-top\" aria-hidden=\"true\"><\/div>\n\t\t\t\t\t\t<div class=\"shadow shadow-bottom\" aria-hidden=\"true\"><\/div>\n\t\t\t\t\t<\/div>\n\t\t\t\t<\/div>\n\n\t\t\t\t<div class=\"e-tabs-content-wrapper\" role=\"tablist\" aria-orientation=\"vertical\">\n\t\t\t\t\t\t\t\t\t\t\t<div id=\"e-tab-content-7401\" class=\"e-tab-content elementor-clearfix\" data-tab=\"1\" role=\"tabpanel\" aria-labelledby=\"e-tab-title-7401\" tabindex=\"0\" data-video-url=\"https:\/\/youtu.be\/_GtH9uNI4Pc\" data-video-type=\"youtube\" data-video-title=\"From palletizer to ship container palletless loading\" data-video-duration=\"1:51\">\n\t\t\t\t\t\t\t<div><\/div>\n\t\t\t\t\t\t\t\t\t\t\t\t\t<\/div>\n\t\t\t\t\t\t\t\t\t\t\t<div id=\"e-tab-content-7402\" class=\"e-tab-content elementor-clearfix\" data-tab=\"2\" role=\"tabpanel\" aria-labelledby=\"e-tab-title-7402\" tabindex=\"0\" data-video-url=\"\" data-video-type=\"section\" data-video-title=\"&lt;a href=&quot;\/en\/contact\/&quot;&gt;Contact us&lt;\/a&gt;\" data-video-duration=\"\" hidden=\"hidden\">\n\t\t\t\t\t\t\t<div><\/div>\n\t\t\t\t\t\t\t\t\t\t\t\t\t<\/div>\n\t\t\t\t\t\t\t\t\t<\/div>\n\t\t\t<\/div>\n\n\t\t\t<div class=\"e-tabs-inner-tabs\" >\n\t\t\t\t\t\t\t\t\t\t\t\t\t\t\t\t\t\t\t\t\t\t\t\t\t<\/div>\n\t\t<\/div>\n\t\t\t\t\t\t<\/div>\n\t\t\t\t<\/div>\n\t\t\t\t\t<\/div>\n\t\t<\/div>\n\t\t\t\t\t<\/div>\n\t\t<\/section>\n\t\t\t\t<\/div>\n\t\t","protected":false},"excerpt":{"rendered":"<p>Palletless container loading of bags and boxes Container bag loading without pallets We have for since 1987 manufactured and supplied loading systems for bag loads into containers and trucks without pallets, resulting in no manual work. You will be surprised how simple and effective it is. The purpose of our pallet remover system (as seen [&hellip;]<\/p>\n","protected":false},"author":2,"featured_media":532,"parent":0,"menu_order":0,"comment_status":"closed","ping_status":"closed","template":"","meta":{"footnotes":""},"class_list":["post-527","page","type-page","status-publish","has-post-thumbnail","hentry"],"yoast_head":"<!-- This site is optimized with the Yoast SEO plugin v27.4 - https:\/\/yoast.com\/product\/yoast-seo-wordpress\/ -->\n<title>Bulk container loading machines | Ehcolo<\/title>\n<meta name=\"description\" content=\"Bulk container loading made easy. Grain loading solutions without pallets. Efficient container loading machines for optimized handling.\" \/>\n<meta name=\"robots\" content=\"index, follow, max-snippet:-1, max-image-preview:large, max-video-preview:-1\" \/>\n<link rel=\"canonical\" href=\"https:\/\/ehcolo.com\/da\/container-laesning-uden-paller\/\" \/>\n<meta property=\"og:locale\" content=\"da_DK\" \/>\n<meta property=\"og:type\" content=\"article\" \/>\n<meta property=\"og:title\" content=\"Bulk container loading machines | Ehcolo\" \/>\n<meta property=\"og:description\" content=\"Bulk container loading made easy. Grain loading solutions without pallets. Efficient container loading machines for optimized handling.\" \/>\n<meta property=\"og:url\" content=\"https:\/\/ehcolo.com\/da\/container-laesning-uden-paller\/\" \/>\n<meta property=\"og:site_name\" content=\"Ehcolo\" \/>\n<meta property=\"article:modified_time\" content=\"2025-02-27T09:16:34+00:00\" \/>\n<meta property=\"og:image\" content=\"https:\/\/ehcolo.com\/wp-content\/uploads\/2024\/08\/Pallet-Load-press-front.jpg\" \/>\n\t<meta property=\"og:image:width\" content=\"700\" \/>\n\t<meta property=\"og:image:height\" content=\"467\" \/>\n\t<meta property=\"og:image:type\" content=\"image\/jpeg\" \/>\n<meta name=\"twitter:card\" content=\"summary_large_image\" \/>\n<meta name=\"twitter:label1\" content=\"Estimeret l\u00e6setid\" \/>\n\t<meta name=\"twitter:data1\" content=\"2 minutter\" \/>\n<!-- \/ Yoast SEO plugin. -->","yoast_head_json":{"title":"Bulk container l\u00e6ssemaskiner | Ehcolo","description":"Indl\u00e6sning af bulkcontainere gjort let. Kornl\u00e6sningsl\u00f8sninger uden paller. Effektive containerl\u00e6ssemaskiner til optimeret h\u00e5ndtering.","robots":{"index":"index","follow":"follow","max-snippet":"max-snippet:-1","max-image-preview":"max-image-preview:large","max-video-preview":"max-video-preview:-1"},"canonical":"https:\/\/ehcolo.com\/da\/container-laesning-uden-paller\/","og_locale":"da_DK","og_type":"article","og_title":"Bulk container loading machines | Ehcolo","og_description":"Bulk container loading made easy. Grain loading solutions without pallets. Efficient container loading machines for optimized handling.","og_url":"https:\/\/ehcolo.com\/da\/container-laesning-uden-paller\/","og_site_name":"Ehcolo","article_modified_time":"2025-02-27T09:16:34+00:00","og_image":[{"width":700,"height":467,"url":"https:\/\/ehcolo.com\/wp-content\/uploads\/2024\/08\/Pallet-Load-press-front.jpg","type":"image\/jpeg"}],"twitter_card":"summary_large_image","twitter_misc":{"Estimeret l\u00e6setid":"2 minutter"},"schema":{"@context":"https:\/\/schema.org","@graph":[{"@type":"WebPage","@id":"https:\/\/ehcolo.com\/en\/container-loading-without-pallets\/","url":"https:\/\/ehcolo.com\/en\/container-loading-without-pallets\/","name":"Bulk container l\u00e6ssemaskiner | Ehcolo","isPartOf":{"@id":"https:\/\/ehcolo.com\/en\/#website"},"primaryImageOfPage":{"@id":"https:\/\/ehcolo.com\/en\/container-loading-without-pallets\/#primaryimage"},"image":{"@id":"https:\/\/ehcolo.com\/en\/container-loading-without-pallets\/#primaryimage"},"thumbnailUrl":"https:\/\/ehcolo.com\/wp-content\/uploads\/2024\/08\/Pallet-Load-press-front.jpg","datePublished":"2024-08-28T12:13:25+00:00","dateModified":"2025-02-27T09:16:34+00:00","description":"Indl\u00e6sning af bulkcontainere gjort let. Kornl\u00e6sningsl\u00f8sninger uden paller. Effektive containerl\u00e6ssemaskiner til optimeret h\u00e5ndtering.","breadcrumb":{"@id":"https:\/\/ehcolo.com\/en\/container-loading-without-pallets\/#breadcrumb"},"inLanguage":"da-DK","potentialAction":[{"@type":"ReadAction","target":["https:\/\/ehcolo.com\/en\/container-loading-without-pallets\/"]}]},{"@type":"ImageObject","inLanguage":"da-DK","@id":"https:\/\/ehcolo.com\/en\/container-loading-without-pallets\/#primaryimage","url":"https:\/\/ehcolo.com\/wp-content\/uploads\/2024\/08\/Pallet-Load-press-front.jpg","contentUrl":"https:\/\/ehcolo.com\/wp-content\/uploads\/2024\/08\/Pallet-Load-press-front.jpg","width":700,"height":467},{"@type":"BreadcrumbList","@id":"https:\/\/ehcolo.com\/en\/container-loading-without-pallets\/#breadcrumb","itemListElement":[{"@type":"ListItem","position":1,"name":"Home","item":"https:\/\/ehcolo.com\/"},{"@type":"ListItem","position":2,"name":"Container loading without pallets"}]},{"@type":"WebSite","@id":"https:\/\/ehcolo.com\/en\/#website","url":"https:\/\/ehcolo.com\/en\/","name":"Ehcolo","description":"","publisher":{"@id":"https:\/\/ehcolo.com\/en\/#organization"},"potentialAction":[{"@type":"SearchAction","target":{"@type":"EntryPoint","urlTemplate":"https:\/\/ehcolo.com\/en\/?s={search_term_string}"},"query-input":{"@type":"PropertyValueSpecification","valueRequired":true,"valueName":"search_term_string"}}],"inLanguage":"da-DK"},{"@type":"Organization","@id":"https:\/\/ehcolo.com\/en\/#organization","name":"Ehcolo","url":"https:\/\/ehcolo.com\/en\/","logo":{"@type":"ImageObject","inLanguage":"da-DK","@id":"https:\/\/ehcolo.com\/en\/#\/schema\/logo\/image\/","url":"https:\/\/ehcolo.com\/wp-content\/uploads\/2024\/08\/Ehcolo_logo_u_bg-1.svg","contentUrl":"https:\/\/ehcolo.com\/wp-content\/uploads\/2024\/08\/Ehcolo_logo_u_bg-1.svg","width":202,"height":57,"caption":"Ehcolo"},"image":{"@id":"https:\/\/ehcolo.com\/en\/#\/schema\/logo\/image\/"}}]}},"_links":{"self":[{"href":"https:\/\/ehcolo.com\/da\/wp-json\/wp\/v2\/pages\/527","targetHints":{"allow":["GET"]}}],"collection":[{"href":"https:\/\/ehcolo.com\/da\/wp-json\/wp\/v2\/pages"}],"about":[{"href":"https:\/\/ehcolo.com\/da\/wp-json\/wp\/v2\/types\/page"}],"author":[{"embeddable":true,"href":"https:\/\/ehcolo.com\/da\/wp-json\/wp\/v2\/users\/2"}],"replies":[{"embeddable":true,"href":"https:\/\/ehcolo.com\/da\/wp-json\/wp\/v2\/comments?post=527"}],"version-history":[{"count":1,"href":"https:\/\/ehcolo.com\/da\/wp-json\/wp\/v2\/pages\/527\/revisions"}],"predecessor-version":[{"id":3791,"href":"https:\/\/ehcolo.com\/da\/wp-json\/wp\/v2\/pages\/527\/revisions\/3791"}],"wp:featuredmedia":[{"embeddable":true,"href":"https:\/\/ehcolo.com\/da\/wp-json\/wp\/v2\/media\/532"}],"wp:attachment":[{"href":"https:\/\/ehcolo.com\/da\/wp-json\/wp\/v2\/media?parent=527"}],"curies":[{"name":"wp","href":"https:\/\/api.w.org\/{rel}","templated":true}]}}