{"id":686,"date":"2024-08-29T07:33:03","date_gmt":"2024-08-29T05:33:03","guid":{"rendered":"https:\/\/ehcolo.com\/?page_id=686"},"modified":"2025-04-09T08:40:39","modified_gmt":"2025-04-09T06:40:39","slug":"ehcolo-pakkemaskiner","status":"publish","type":"page","link":"https:\/\/ehcolo.com\/da\/baeredygtighed\/ehcolo-pakkemaskiner\/","title":{"rendered":"Ehcolo emballage"},"content":{"rendered":"<div data-elementor-type=\"wp-page\" data-elementor-id=\"686\" class=\"elementor elementor-686\" data-elementor-post-type=\"page\">\n\t\t\t\t\t\t<header class=\"elementor-section elementor-top-section elementor-element elementor-element-c509a7a elementor-section-full_width elementor-section-height-min-height elementor-section-height-default elementor-section-items-middle\" data-id=\"c509a7a\" data-element_type=\"section\" data-e-type=\"section\">\n\t\t\t\t\t\t<div class=\"elementor-container elementor-column-gap-default\">\n\t\t\t\t\t<div class=\"elementor-column elementor-col-100 elementor-top-column elementor-element elementor-element-af5e99d\" data-id=\"af5e99d\" data-element_type=\"column\" data-e-type=\"column\">\n\t\t\t<div class=\"elementor-widget-wrap elementor-element-populated\">\n\t\t\t\t\t\t<div class=\"elementor-element elementor-element-1375aaf elementor-cta--skin-cover elementor-animated-content elementor-bg-transform elementor-bg-transform-zoom-in elementor-widget elementor-widget-call-to-action\" data-id=\"1375aaf\" data-element_type=\"widget\" data-e-type=\"widget\" data-widget_type=\"call-to-action.default\">\n\t\t\t\t<div class=\"elementor-widget-container\">\n\t\t\t\t\t\t\t<div class=\"elementor-cta\">\n\t\t\t\t\t<div class=\"elementor-cta__bg-wrapper\">\n\t\t\t\t<div class=\"elementor-cta__bg elementor-bg\" style=\"background-image: url(https:\/\/ehcolo.com\/wp-content\/uploads\/2024\/08\/Green_packaging_top-1.jpg);\" role=\"img\" aria-label=\"Gr\u00f8n_emballage_top-1.jpg\"><\/div>\n\t\t\t\t<div class=\"elementor-cta__bg-overlay\"><\/div>\n\t\t\t<\/div>\n\t\t\t\t\t\t\t<div class=\"elementor-cta__content\">\n\t\t\t\t\n\t\t\t\t\t\t\t\t\t<h1 class=\"elementor-cta__title elementor-cta__content-item elementor-content-item elementor-animated-item--grow\">\n\t\t\t\t\t\tEhcolo emballage\t\t\t\t\t<\/h1>\n\t\t\t\t\n\t\t\t\t\n\t\t\t\t\t\t\t<\/div>\n\t\t\t\t\t\t<\/div>\n\t\t\t\t\t\t<\/div>\n\t\t\t\t<\/div>\n\t\t\t\t\t<\/div>\n\t\t<\/div>\n\t\t\t\t\t<\/div>\n\t\t<\/header>\n\t\t\t\t<section class=\"elementor-section elementor-top-section elementor-element elementor-element-2f3d58b elementor-section-boxed elementor-section-height-default elementor-section-height-default\" data-id=\"2f3d58b\" data-element_type=\"section\" data-e-type=\"section\">\n\t\t\t\t\t\t<div class=\"elementor-container elementor-column-gap-default\">\n\t\t\t\t\t<div class=\"elementor-column elementor-col-100 elementor-top-column elementor-element elementor-element-65543c8\" data-id=\"65543c8\" data-element_type=\"column\" data-e-type=\"column\">\n\t\t\t<div class=\"elementor-widget-wrap elementor-element-populated\">\n\t\t\t\t\t\t<div class=\"elementor-element elementor-element-6c0c964 elementor-widget elementor-widget-spacer\" data-id=\"6c0c964\" data-element_type=\"widget\" data-e-type=\"widget\" data-widget_type=\"spacer.default\">\n\t\t\t\t<div class=\"elementor-widget-container\">\n\t\t\t\t\t\t\t<div class=\"elementor-spacer\">\n\t\t\t<div class=\"elementor-spacer-inner\"><\/div>\n\t\t<\/div>\n\t\t\t\t\t\t<\/div>\n\t\t\t\t<\/div>\n\t\t\t\t<div class=\"elementor-element elementor-element-1d23bc2 elementor-widget elementor-widget-heading\" data-id=\"1d23bc2\" data-element_type=\"widget\" data-e-type=\"widget\" data-widget_type=\"heading.default\">\n\t\t\t\t<div class=\"elementor-widget-container\">\n\t\t\t\t\t<h2 class=\"elementor-heading-title elementor-size-default\">Vi bekymrer os om milj\u00f8et<\/h2>\t\t\t\t<\/div>\n\t\t\t\t<\/div>\n\t\t\t\t<div class=\"elementor-element elementor-element-d0f01d4 elementor-widget elementor-widget-text-editor\" data-id=\"d0f01d4\" data-element_type=\"widget\" data-e-type=\"widget\" data-widget_type=\"text-editor.default\">\n\t\t\t\t<div class=\"elementor-widget-container\">\n\t\t\t\t\t\t\t\t\t<p>Klima\u00e6ndringer er et af de mest presserende sp\u00f8rgsm\u00e5l i vor tid, hvor vi mener, at virksomheder har en n\u00f8glerolle at spille. Vi bekymrer os om milj\u00f8et, og det er derfor, vi har v\u00e6ret innovative og t\u00e6nkt gr\u00f8nt, n\u00e5r vi har udviklet vores maskiner.<\/p><p>Hos Ehcolo har vi ambitionen om proaktivt at implementere teknologi, baseret p\u00e5 de nyeste innovationer, for at opn\u00e5 det lavest mulige CO2-fodaftryk for vores udstyr. Vi vil l\u00f8bende udvikle os, efterh\u00e5nden som nye l\u00f8sninger og teknologier dukker op.<\/p>\t\t\t\t\t\t\t\t<\/div>\n\t\t\t\t<\/div>\n\t\t\t\t\t<\/div>\n\t\t<\/div>\n\t\t\t\t\t<\/div>\n\t\t<\/section>\n\t\t\t\t<section class=\"elementor-section elementor-top-section elementor-element elementor-element-36c0840 elementor-section-boxed elementor-section-height-default elementor-section-height-default\" data-id=\"36c0840\" data-element_type=\"section\" data-e-type=\"section\">\n\t\t\t\t\t\t<div class=\"elementor-container elementor-column-gap-default\">\n\t\t\t\t\t<div class=\"elementor-column elementor-col-50 elementor-top-column elementor-element elementor-element-f4e39a4\" data-id=\"f4e39a4\" data-element_type=\"column\" data-e-type=\"column\">\n\t\t\t<div class=\"elementor-widget-wrap elementor-element-populated\">\n\t\t\t\t\t\t<div class=\"elementor-element elementor-element-51f0212 elementor-widget elementor-widget-spacer\" data-id=\"51f0212\" data-element_type=\"widget\" data-e-type=\"widget\" data-widget_type=\"spacer.default\">\n\t\t\t\t<div class=\"elementor-widget-container\">\n\t\t\t\t\t\t\t<div class=\"elementor-spacer\">\n\t\t\t<div class=\"elementor-spacer-inner\"><\/div>\n\t\t<\/div>\n\t\t\t\t\t\t<\/div>\n\t\t\t\t<\/div>\n\t\t\t\t<div class=\"elementor-element elementor-element-1be98d7 elementor-widget elementor-widget-text-editor\" data-id=\"1be98d7\" data-element_type=\"widget\" data-e-type=\"widget\" data-widget_type=\"text-editor.default\">\n\t\t\t\t<div class=\"elementor-widget-container\">\n\t\t\t\t\t\t\t\t\t<h2>Hvad g\u00f8r Ehcolo energieffektiv?<\/h2><p>Siden 2009 har vi konstant bestr\u00e6bt os p\u00e5 at g\u00f8re vores maskiner mere og mere energieffektive. Alle mekaniske dele er blevet redesignet, og inkorporerer energieffektivitet i vores gennemtestede originale robuste designs. Overflader med h\u00f8j luftmodstand er blevet teflonbelagt. Kuglelejer med lav friktion, ved alle bev\u00e6gelige led. V\u00e6gtreduktion fra enten design eller materiale\u00e6ndring til aluminium p\u00e5 bev\u00e6gelige dele. Ineffektive luftcylindre er blevet erstattet af elektriske aktuatorer; hvor dette har v\u00e6ret fysisk muligt. Gearmotorer er blevet opdateret til at opfylde de h\u00f8jeste internationale effektivitetsstandarder.<\/p><p><em>&quot;I dag er vi godt p\u00e5 vej, som den f\u00f8rende producent af palleteringsmaskiner, hvad ang\u00e5r lavt energiforbrug og selvf\u00f8lgelig ogs\u00e5 relateret til den bedste kvalitet, der kan opn\u00e5s&quot; - <\/em><strong>Ole<\/strong><strong style=\"color: var( --e-global-color-text ); font-family: var( --e-global-typography-text-font-family ), monserat;\">\u00a0Andersen, administrerende direkt\u00f8r i Ehcolo.<\/strong><\/p><p>Alle asynkronmotorer er i \u00f8jeblikket Premium Efficiency Class IE3, som er den bedste standard, der findes i dag. P\u00e5 alle akser til positionering anvender vi SEW servomotorer, hvilket er ud over de internationale effektivitetsstandarder, da ingen standarder endnu overholder det lave energiforbrug fra disse motortyper. Ultra-Premium Efficiency Class IE4 er i \u00f8jeblikket under forberedelse, og vi ser frem til, hvad dette kan tilbyde os af fremtidige forbedringer. Vores styresystem er det bedste i sin klasse, hvor alle motorer k\u00f8rer p\u00e5 AcoposMulti servostyringssystemet fra B&amp;R\/ABB.<\/p><p>Alle motorer drives af dette system, som sikrer bl\u00f8d start og stop af alle bev\u00e6gelser, hvilket bidrager til l\u00e6ngere mekanisk levetid og laveste energiforbrug. For komplekse maskiner, hvor bev\u00e6gelser udf\u00f8res fortl\u00f8bende, frigives der ofte kinetisk energi i bremsemodstandene i form af varme. Ved at tilslutte ACOPOSmulti servodrev via DC-bussen kan der spares op til 30% af den energi, der bruges til bev\u00e6gelser. Bremseenergi lagres i kondensatorer og stilles senere til r\u00e5dighed for acceleration. Denne bremseenergi genbruges af andre k\u00f8rende motorer, hvilket reducerer energiforbruget med op til 20% sammenlignet med systemer uden regenereringsevne, hvilket bidrager til et sikrere og sundere milj\u00f8 og \u00f8konomi.<\/p><p>Brugeren drager ikke kun fordel af effektiv energiudnyttelse, men ogs\u00e5 af et k\u00f8ligere styreskab, fordi varmen fra modstandene reduceres kraftigt. M\u00e5lingerne p\u00e5 vores palletizere har bevist, at vi sparer 20% p\u00e5 energien alene p\u00e5 grund af AcoposMulti systemet.<\/p>\t\t\t\t\t\t\t\t<\/div>\n\t\t\t\t<\/div>\n\t\t\t\t<div class=\"elementor-element elementor-element-2fad8ef elementor-widget elementor-widget-text-editor\" data-id=\"2fad8ef\" data-element_type=\"widget\" data-e-type=\"widget\" data-widget_type=\"text-editor.default\">\n\t\t\t\t<div class=\"elementor-widget-container\">\n\t\t\t\t\t\t\t\t\t<p><a href=\"https:\/\/ehcolo.com\/da\/advantages\/\">L\u00e6s mere om alle fordelene ved at investere i en palleteret fra Ehcolo<\/a><\/p>\t\t\t\t\t\t\t\t<\/div>\n\t\t\t\t<\/div>\n\t\t\t\t<div class=\"elementor-element elementor-element-bcd27da elementor-widget elementor-widget-text-editor\" data-id=\"bcd27da\" data-element_type=\"widget\" data-e-type=\"widget\" data-no-translation=\"\" data-widget_type=\"text-editor.default\">\n\t\t\t\t<div class=\"elementor-widget-container\">\n\t\t\t\t\t<style>.elementor-element-bcd27da{display:none !important}<\/style>\t\t\t\t<\/div>\n\t\t\t\t<\/div>\n\t\t\t\t<div class=\"elementor-element elementor-element-5ce4562 elementor-widget elementor-widget-spacer\" data-id=\"5ce4562\" data-element_type=\"widget\" data-e-type=\"widget\" data-widget_type=\"spacer.default\">\n\t\t\t\t<div class=\"elementor-widget-container\">\n\t\t\t\t\t\t\t<div class=\"elementor-spacer\">\n\t\t\t<div class=\"elementor-spacer-inner\"><\/div>\n\t\t<\/div>\n\t\t\t\t\t\t<\/div>\n\t\t\t\t<\/div>\n\t\t\t\t\t<\/div>\n\t\t<\/div>\n\t\t\t\t<div class=\"elementor-column elementor-col-50 elementor-top-column elementor-element elementor-element-87bcb98\" data-id=\"87bcb98\" data-element_type=\"column\" data-e-type=\"column\">\n\t\t\t<div class=\"elementor-widget-wrap elementor-element-populated\">\n\t\t\t\t\t\t<div class=\"elementor-element elementor-element-6baa836 elementor-widget elementor-widget-image\" data-id=\"6baa836\" data-element_type=\"widget\" data-e-type=\"widget\" data-widget_type=\"image.default\">\n\t\t\t\t<div class=\"elementor-widget-container\">\n\t\t\t\t\t\t\t\t\t\t\t\t\t\t\t\t<a href=\"https:\/\/ehcolo.com\/wp-content\/uploads\/2024\/08\/global-recycling.png\" data-elementor-open-lightbox=\"yes\" data-elementor-lightbox-title=\"global-recycling.png\" data-e-action-hash=\"#elementor-action%3Aaction%3Dlightbox%26settings%3DeyJpZCI6IjM0MiIsInVybCI6Imh0dHBzOlwvXC9laGNvbG8uY29tXC93cC1jb250ZW50XC91cGxvYWRzXC8yMDI0XC8wOFwvZ2xvYmFsLXJlY3ljbGluZy5wbmcifQ%3D%3D\">\n\t\t\t\t\t\t\t<img fetchpriority=\"high\" decoding=\"async\" width=\"417\" height=\"417\" src=\"https:\/\/ehcolo.com\/wp-content\/uploads\/2024\/08\/global-recycling.png\" class=\"attachment-full size-full wp-image-342\" alt=\"\" srcset=\"https:\/\/ehcolo.com\/wp-content\/uploads\/2024\/08\/global-recycling.png 417w, https:\/\/ehcolo.com\/wp-content\/uploads\/2024\/08\/global-recycling-300x300.png 300w, https:\/\/ehcolo.com\/wp-content\/uploads\/2024\/08\/global-recycling-150x150.png 150w, https:\/\/ehcolo.com\/wp-content\/uploads\/2024\/08\/global-recycling-12x12.png 12w\" sizes=\"(max-width: 417px) 100vw, 417px\" \/>\t\t\t\t\t\t\t\t<\/a>\n\t\t\t\t\t\t\t\t\t\t\t\t\t\t\t<\/div>\n\t\t\t\t<\/div>\n\t\t\t\t<div class=\"elementor-element elementor-element-8bdbe0c elementor-hidden-mobile elementor-widget elementor-widget-image\" data-id=\"8bdbe0c\" data-element_type=\"widget\" data-e-type=\"widget\" data-widget_type=\"image.default\">\n\t\t\t\t<div class=\"elementor-widget-container\">\n\t\t\t\t\t\t\t\t\t\t\t\t\t\t\t\t<a href=\"https:\/\/ehcolo.com\/wp-content\/uploads\/2024\/08\/Ehcolo_billede_Greenpackaing-1.jpg\" data-elementor-open-lightbox=\"yes\" data-elementor-lightbox-title=\"Ehcolo_billede_Greenpackaing-1.jpg\" data-e-action-hash=\"#elementor-action%3Aaction%3Dlightbox%26settings%3DeyJpZCI6NjkwLCJ1cmwiOiJodHRwczpcL1wvZWhjb2xvLmNvbVwvd3AtY29udGVudFwvdXBsb2Fkc1wvMjAyNFwvMDhcL0VoY29sb19iaWxsZWRlX0dyZWVucGFja2FpbmctMS5qcGcifQ%3D%3D\">\n\t\t\t\t\t\t\t<img decoding=\"async\" width=\"1084\" height=\"743\" src=\"https:\/\/ehcolo.com\/wp-content\/uploads\/2024\/08\/Ehcolo_billede_Greenpackaing-1.jpg\" class=\"attachment-full size-full wp-image-690\" alt=\"\" srcset=\"https:\/\/ehcolo.com\/wp-content\/uploads\/2024\/08\/Ehcolo_billede_Greenpackaing-1.jpg 1084w, https:\/\/ehcolo.com\/wp-content\/uploads\/2024\/08\/Ehcolo_billede_Greenpackaing-1-300x206.jpg 300w, https:\/\/ehcolo.com\/wp-content\/uploads\/2024\/08\/Ehcolo_billede_Greenpackaing-1-1024x702.jpg 1024w, https:\/\/ehcolo.com\/wp-content\/uploads\/2024\/08\/Ehcolo_billede_Greenpackaing-1-768x526.jpg 768w, https:\/\/ehcolo.com\/wp-content\/uploads\/2024\/08\/Ehcolo_billede_Greenpackaing-1-18x12.jpg 18w\" sizes=\"(max-width: 1084px) 100vw, 1084px\" \/>\t\t\t\t\t\t\t\t<\/a>\n\t\t\t\t\t\t\t\t\t\t\t\t\t\t\t<\/div>\n\t\t\t\t<\/div>\n\t\t\t\t<div class=\"elementor-element elementor-element-0986afd elementor-widget elementor-widget-spacer\" data-id=\"0986afd\" data-element_type=\"widget\" data-e-type=\"widget\" data-widget_type=\"spacer.default\">\n\t\t\t\t<div class=\"elementor-widget-container\">\n\t\t\t\t\t\t\t<div class=\"elementor-spacer\">\n\t\t\t<div class=\"elementor-spacer-inner\"><\/div>\n\t\t<\/div>\n\t\t\t\t\t\t<\/div>\n\t\t\t\t<\/div>\n\t\t\t\t\t<\/div>\n\t\t<\/div>\n\t\t\t\t\t<\/div>\n\t\t<\/section>\n\t\t\t\t<section class=\"elementor-section elementor-top-section elementor-element elementor-element-a8e0673 elementor-section-boxed elementor-section-height-default elementor-section-height-default\" data-id=\"a8e0673\" data-element_type=\"section\" data-e-type=\"section\">\n\t\t\t\t\t\t<div class=\"elementor-container elementor-column-gap-default\">\n\t\t\t\t\t<div class=\"elementor-column elementor-col-50 elementor-top-column elementor-element elementor-element-eba6f0e\" data-id=\"eba6f0e\" data-element_type=\"column\" data-e-type=\"column\">\n\t\t\t<div class=\"elementor-widget-wrap elementor-element-populated\">\n\t\t\t\t\t\t<div class=\"elementor-element elementor-element-85b1458 elementor-widget elementor-widget-spacer\" data-id=\"85b1458\" data-element_type=\"widget\" data-e-type=\"widget\" data-widget_type=\"spacer.default\">\n\t\t\t\t<div class=\"elementor-widget-container\">\n\t\t\t\t\t\t\t<div class=\"elementor-spacer\">\n\t\t\t<div class=\"elementor-spacer-inner\"><\/div>\n\t\t<\/div>\n\t\t\t\t\t\t<\/div>\n\t\t\t\t<\/div>\n\t\t\t\t<div class=\"elementor-element elementor-element-0a41a6c elementor-widget elementor-widget-text-editor\" data-id=\"0a41a6c\" data-element_type=\"widget\" data-e-type=\"widget\" data-widget_type=\"text-editor.default\">\n\t\t\t\t<div class=\"elementor-widget-container\">\n\t\t\t\t\t\t\t\t\t<h2>Kontrol fra hvor som helst<\/h2>\n<p>Vores maskiner er udviklet til at blive overv\u00e5get og kontrolleret fra hvor som helst i verden, hvilket betyder, at vi eksternt kan f\u00e5 diagnosticering til at fungere eller opdatere en software p\u00e5 maskinerne. Dette g\u00f8res for at g\u00f8re alt s\u00e5 effektivt som muligt for din virksomhed uden nedetid. Den st\u00f8rste fordel er, at vi f\u00e5r dig til at f\u00f8le, at vi er sammen i samme rum uden behov for at rejse. Det g\u00f8r os gr\u00f8nnere og er bedre for milj\u00f8et.<\/p>\t\t\t\t\t\t\t\t<\/div>\n\t\t\t\t<\/div>\n\t\t\t\t\t<\/div>\n\t\t<\/div>\n\t\t\t\t<div class=\"elementor-column elementor-col-50 elementor-top-column elementor-element elementor-element-ed65a8c\" data-id=\"ed65a8c\" data-element_type=\"column\" data-e-type=\"column\">\n\t\t\t<div class=\"elementor-widget-wrap elementor-element-populated\">\n\t\t\t\t\t\t<div class=\"elementor-element elementor-element-5f9c897 elementor-widget elementor-widget-spacer\" data-id=\"5f9c897\" data-element_type=\"widget\" data-e-type=\"widget\" data-widget_type=\"spacer.default\">\n\t\t\t\t<div class=\"elementor-widget-container\">\n\t\t\t\t\t\t\t<div class=\"elementor-spacer\">\n\t\t\t<div class=\"elementor-spacer-inner\"><\/div>\n\t\t<\/div>\n\t\t\t\t\t\t<\/div>\n\t\t\t\t<\/div>\n\t\t\t\t<div class=\"elementor-element elementor-element-5c22f79 elementor-widget elementor-widget-video\" data-id=\"5c22f79\" data-element_type=\"widget\" data-e-type=\"widget\" data-settings=\"{&quot;youtube_url&quot;:&quot;https:\\\/\\\/www.youtube.com\\\/watch?v=-tDGzwsBokY&quot;,&quot;video_type&quot;:&quot;youtube&quot;,&quot;controls&quot;:&quot;yes&quot;}\" data-widget_type=\"video.default\">\n\t\t\t\t<div class=\"elementor-widget-container\">\n\t\t\t\t\t\t\t<div class=\"elementor-wrapper elementor-open-inline\">\n\t\t\t<div class=\"elementor-video\"><\/div>\t\t<\/div>\n\t\t\t\t\t\t<\/div>\n\t\t\t\t<\/div>\n\t\t\t\t<div class=\"elementor-element elementor-element-ec75716 elementor-widget elementor-widget-spacer\" data-id=\"ec75716\" data-element_type=\"widget\" data-e-type=\"widget\" data-widget_type=\"spacer.default\">\n\t\t\t\t<div class=\"elementor-widget-container\">\n\t\t\t\t\t\t\t<div class=\"elementor-spacer\">\n\t\t\t<div class=\"elementor-spacer-inner\"><\/div>\n\t\t<\/div>\n\t\t\t\t\t\t<\/div>\n\t\t\t\t<\/div>\n\t\t\t\t\t<\/div>\n\t\t<\/div>\n\t\t\t\t\t<\/div>\n\t\t<\/section>\n\t\t\t\t<\/div>","protected":false},"excerpt":{"rendered":"<p>Ehcolo Packaging Machines We care about the environment Climate change is one of the most pressing issues of our time where we believe businesses has a key role to play. We care about the environment and that\u2019s why we have been innovative and thinking green when developing our machines. At Ehcolo we have the ambition [&hellip;]<\/p>\n","protected":false},"author":2,"featured_media":477,"parent":648,"menu_order":0,"comment_status":"closed","ping_status":"closed","template":"","meta":{"footnotes":""},"class_list":["post-686","page","type-page","status-publish","has-post-thumbnail","hentry"],"yoast_head":"<!-- This site is optimized with the Yoast SEO plugin v27.4 - https:\/\/yoast.com\/product\/yoast-seo-wordpress\/ -->\n<title>Palletizing machine &amp; stretch hood | Sustainability<\/title>\n<meta name=\"description\" content=\"Energy-efficient palletizing machines, stretch hood systems, and packaging lines saving 20% energy with Ehcolo&#039;s solutions.\" \/>\n<meta name=\"robots\" content=\"index, follow, max-snippet:-1, max-image-preview:large, max-video-preview:-1\" \/>\n<link rel=\"canonical\" href=\"https:\/\/ehcolo.com\/da\/baeredygtighed\/ehcolo-pakkemaskiner\/\" \/>\n<meta property=\"og:locale\" content=\"da_DK\" \/>\n<meta property=\"og:type\" content=\"article\" \/>\n<meta property=\"og:title\" content=\"Palletizing machine &amp; stretch hood | Sustainability\" \/>\n<meta property=\"og:description\" content=\"Energy-efficient palletizing machines, stretch hood systems, and packaging lines saving 20% energy with Ehcolo&#039;s solutions.\" \/>\n<meta property=\"og:url\" content=\"https:\/\/ehcolo.com\/da\/baeredygtighed\/ehcolo-pakkemaskiner\/\" \/>\n<meta property=\"og:site_name\" content=\"Ehcolo\" \/>\n<meta property=\"article:modified_time\" content=\"2025-04-09T06:40:39+00:00\" \/>\n<meta property=\"og:image\" content=\"https:\/\/ehcolo.com\/wp-content\/uploads\/2024\/08\/5V8A8517-scaled-1.jpg\" \/>\n\t<meta property=\"og:image:width\" content=\"2560\" \/>\n\t<meta property=\"og:image:height\" content=\"1707\" \/>\n\t<meta property=\"og:image:type\" content=\"image\/jpeg\" \/>\n<meta name=\"twitter:card\" content=\"summary_large_image\" \/>\n<meta name=\"twitter:label1\" content=\"Estimeret l\u00e6setid\" \/>\n\t<meta name=\"twitter:data1\" content=\"4 minutter\" \/>\n<!-- \/ Yoast SEO plugin. -->","yoast_head_json":{"title":"Pakkemaskiner | B\u00e6redygtighed | Ehcolo","description":"Energieffektive palleteringsmaskiner, str\u00e6kfilm maskine og pakkelinjer sparer 20% energi med Ehcolos l\u00f8sninger.","robots":{"index":"index","follow":"follow","max-snippet":"max-snippet:-1","max-image-preview":"max-image-preview:large","max-video-preview":"max-video-preview:-1"},"canonical":"https:\/\/ehcolo.com\/da\/baeredygtighed\/ehcolo-pakkemaskiner\/","og_locale":"da_DK","og_type":"article","og_title":"Palletizing machine & stretch hood | Sustainability","og_description":"Energy-efficient palletizing machines, stretch hood systems, and packaging lines saving 20% energy with Ehcolo's solutions.","og_url":"https:\/\/ehcolo.com\/da\/baeredygtighed\/ehcolo-pakkemaskiner\/","og_site_name":"Ehcolo","article_modified_time":"2025-04-09T06:40:39+00:00","og_image":[{"width":2560,"height":1707,"url":"https:\/\/ehcolo.com\/wp-content\/uploads\/2024\/08\/5V8A8517-scaled-1.jpg","type":"image\/jpeg"}],"twitter_card":"summary_large_image","twitter_misc":{"Estimeret l\u00e6setid":"4 minutter"},"schema":{"@context":"https:\/\/schema.org","@graph":[{"@type":"WebPage","@id":"https:\/\/ehcolo.com\/sustainability\/ehcolo-packaging-machines\/","url":"https:\/\/ehcolo.com\/sustainability\/ehcolo-packaging-machines\/","name":"Pakkemaskiner | B\u00e6redygtighed | Ehcolo","isPartOf":{"@id":"https:\/\/ehcolo.com\/en\/#website"},"primaryImageOfPage":{"@id":"https:\/\/ehcolo.com\/sustainability\/ehcolo-packaging-machines\/#primaryimage"},"image":{"@id":"https:\/\/ehcolo.com\/sustainability\/ehcolo-packaging-machines\/#primaryimage"},"thumbnailUrl":"https:\/\/ehcolo.com\/wp-content\/uploads\/2024\/08\/5V8A8517-scaled-1.jpg","datePublished":"2024-08-29T05:33:03+00:00","dateModified":"2025-04-09T06:40:39+00:00","description":"Energieffektive palleteringsmaskiner, str\u00e6kfilm maskine og pakkelinjer sparer 20% energi med Ehcolos l\u00f8sninger.","breadcrumb":{"@id":"https:\/\/ehcolo.com\/sustainability\/ehcolo-packaging-machines\/#breadcrumb"},"inLanguage":"da-DK","potentialAction":[{"@type":"ReadAction","target":["https:\/\/ehcolo.com\/sustainability\/ehcolo-packaging-machines\/"]}]},{"@type":"ImageObject","inLanguage":"da-DK","@id":"https:\/\/ehcolo.com\/sustainability\/ehcolo-packaging-machines\/#primaryimage","url":"https:\/\/ehcolo.com\/wp-content\/uploads\/2024\/08\/5V8A8517-scaled-1.jpg","contentUrl":"https:\/\/ehcolo.com\/wp-content\/uploads\/2024\/08\/5V8A8517-scaled-1.jpg","width":2560,"height":1707},{"@type":"BreadcrumbList","@id":"https:\/\/ehcolo.com\/sustainability\/ehcolo-packaging-machines\/#breadcrumb","itemListElement":[{"@type":"ListItem","position":1,"name":"Home","item":"https:\/\/ehcolo.com\/"},{"@type":"ListItem","position":2,"name":"Sustainability","item":"https:\/\/ehcolo.com\/de\/nachhaltigkeit\/"},{"@type":"ListItem","position":3,"name":"Ehcolo Packaging Machines"}]},{"@type":"WebSite","@id":"https:\/\/ehcolo.com\/en\/#website","url":"https:\/\/ehcolo.com\/en\/","name":"Ehcolo","description":"","publisher":{"@id":"https:\/\/ehcolo.com\/en\/#organization"},"potentialAction":[{"@type":"SearchAction","target":{"@type":"EntryPoint","urlTemplate":"https:\/\/ehcolo.com\/en\/?s={search_term_string}"},"query-input":{"@type":"PropertyValueSpecification","valueRequired":true,"valueName":"search_term_string"}}],"inLanguage":"da-DK"},{"@type":"Organization","@id":"https:\/\/ehcolo.com\/en\/#organization","name":"Ehcolo","url":"https:\/\/ehcolo.com\/en\/","logo":{"@type":"ImageObject","inLanguage":"da-DK","@id":"https:\/\/ehcolo.com\/en\/#\/schema\/logo\/image\/","url":"https:\/\/ehcolo.com\/wp-content\/uploads\/2024\/08\/Ehcolo_logo_u_bg-1.svg","contentUrl":"https:\/\/ehcolo.com\/wp-content\/uploads\/2024\/08\/Ehcolo_logo_u_bg-1.svg","width":202,"height":57,"caption":"Ehcolo"},"image":{"@id":"https:\/\/ehcolo.com\/en\/#\/schema\/logo\/image\/"}}]}},"_links":{"self":[{"href":"https:\/\/ehcolo.com\/da\/wp-json\/wp\/v2\/pages\/686","targetHints":{"allow":["GET"]}}],"collection":[{"href":"https:\/\/ehcolo.com\/da\/wp-json\/wp\/v2\/pages"}],"about":[{"href":"https:\/\/ehcolo.com\/da\/wp-json\/wp\/v2\/types\/page"}],"author":[{"embeddable":true,"href":"https:\/\/ehcolo.com\/da\/wp-json\/wp\/v2\/users\/2"}],"replies":[{"embeddable":true,"href":"https:\/\/ehcolo.com\/da\/wp-json\/wp\/v2\/comments?post=686"}],"version-history":[{"count":36,"href":"https:\/\/ehcolo.com\/da\/wp-json\/wp\/v2\/pages\/686\/revisions"}],"predecessor-version":[{"id":3893,"href":"https:\/\/ehcolo.com\/da\/wp-json\/wp\/v2\/pages\/686\/revisions\/3893"}],"up":[{"embeddable":true,"href":"https:\/\/ehcolo.com\/da\/wp-json\/wp\/v2\/pages\/648"}],"wp:featuredmedia":[{"embeddable":true,"href":"https:\/\/ehcolo.com\/da\/wp-json\/wp\/v2\/media\/477"}],"wp:attachment":[{"href":"https:\/\/ehcolo.com\/da\/wp-json\/wp\/v2\/media?parent=686"}],"curies":[{"name":"wp","href":"https:\/\/api.w.org\/{rel}","templated":true}]}}