{"id":726,"date":"2024-08-29T09:19:55","date_gmt":"2024-08-29T07:19:55","guid":{"rendered":"https:\/\/ehcolo.com\/?page_id=726"},"modified":"2025-01-20T15:07:16","modified_gmt":"2025-01-20T14:07:16","slug":"service","status":"publish","type":"page","link":"https:\/\/ehcolo.com\/da\/service\/","title":{"rendered":"Service"},"content":{"rendered":"<div data-elementor-type=\"wp-page\" data-elementor-id=\"726\" class=\"elementor elementor-726\" data-elementor-post-type=\"page\">\n\t\t\t\t\t\t<header class=\"elementor-section elementor-top-section elementor-element elementor-element-179b2f8a elementor-section-full_width elementor-section-height-min-height elementor-section-height-default elementor-section-items-middle\" data-id=\"179b2f8a\" data-element_type=\"section\" data-e-type=\"section\">\n\t\t\t\t\t\t<div class=\"elementor-container elementor-column-gap-default\">\n\t\t\t\t\t<div class=\"elementor-column elementor-col-100 elementor-top-column elementor-element elementor-element-1da0652\" data-id=\"1da0652\" data-element_type=\"column\" data-e-type=\"column\">\n\t\t\t<div class=\"elementor-widget-wrap elementor-element-populated\">\n\t\t\t\t\t\t<div class=\"elementor-element elementor-element-764a682 elementor-cta--skin-cover elementor-animated-content elementor-bg-transform elementor-bg-transform-zoom-in elementor-widget elementor-widget-call-to-action\" data-id=\"764a682\" data-element_type=\"widget\" data-e-type=\"widget\" data-widget_type=\"call-to-action.default\">\n\t\t\t\t<div class=\"elementor-widget-container\">\n\t\t\t\t\t\t\t<div class=\"elementor-cta\">\n\t\t\t\t\t<div class=\"elementor-cta__bg-wrapper\">\n\t\t\t\t<div class=\"elementor-cta__bg elementor-bg\" style=\"background-image: url(https:\/\/ehcolo.com\/wp-content\/uploads\/2024\/08\/sec-tech-1-1.jpg);\" role=\"img\" aria-label=\"sec-tech-1-1.jpg\"><\/div>\n\t\t\t\t<div class=\"elementor-cta__bg-overlay\"><\/div>\n\t\t\t<\/div>\n\t\t\t\t\t\t\t<div class=\"elementor-cta__content\">\n\t\t\t\t\n\t\t\t\t\t\t\t\t\t<h1 class=\"elementor-cta__title elementor-cta__content-item elementor-content-item elementor-animated-item--grow\">\n\t\t\t\t\t\tService og reservedele\t\t\t\t\t<\/h1>\n\t\t\t\t\n\t\t\t\t\n\t\t\t\t\t\t\t<\/div>\n\t\t\t\t\t\t<\/div>\n\t\t\t\t\t\t<\/div>\n\t\t\t\t<\/div>\n\t\t\t\t\t<\/div>\n\t\t<\/div>\n\t\t\t\t\t<\/div>\n\t\t<\/header>\n\t\t\t\t<section class=\"elementor-section elementor-top-section elementor-element elementor-element-3c438466 elementor-section-boxed elementor-section-height-default elementor-section-height-default\" data-id=\"3c438466\" data-element_type=\"section\" data-e-type=\"section\">\n\t\t\t\t\t\t<div class=\"elementor-container elementor-column-gap-default\">\n\t\t\t\t\t<div class=\"elementor-column elementor-col-100 elementor-top-column elementor-element elementor-element-43df5a9c\" data-id=\"43df5a9c\" data-element_type=\"column\" data-e-type=\"column\">\n\t\t\t<div class=\"elementor-widget-wrap elementor-element-populated\">\n\t\t\t\t\t\t<div class=\"elementor-element elementor-element-7aee3275 elementor-widget elementor-widget-spacer\" data-id=\"7aee3275\" data-element_type=\"widget\" data-e-type=\"widget\" data-widget_type=\"spacer.default\">\n\t\t\t\t<div class=\"elementor-widget-container\">\n\t\t\t\t\t\t\t<div class=\"elementor-spacer\">\n\t\t\t<div class=\"elementor-spacer-inner\"><\/div>\n\t\t<\/div>\n\t\t\t\t\t\t<\/div>\n\t\t\t\t<\/div>\n\t\t\t\t<div class=\"elementor-element elementor-element-13c4addc elementor-widget elementor-widget-text-editor\" data-id=\"13c4addc\" data-element_type=\"widget\" data-e-type=\"widget\" data-widget_type=\"text-editor.default\">\n\t\t\t\t<div class=\"elementor-widget-container\">\n\t\t\t\t\t\t\t\t\t<h2>Ehcolo sikrer optimal udnyttelse af dine Ehcolo maskiner<\/h2><p><span style=\"font-weight: 400;\">Hos Ehcolo A\/S s\u00e6tter vi dig og din virksomhed i centrum. Som en af verdens f\u00f8rende maskinleverand\u00f8rer har vi en s\u00e6rlig forpligtelse til at holde dine Ehcolo-maskiner k\u00f8rende og kan derfor tilbyde dig markedets st\u00e6rkeste servicekoncept. Vi har en komplet serviceorganisation med alt under \u00e9t tag. Vores store st\u00f8rrelse og med mulighed for 4 servicebiler\/mont\u00f8rer ud af 20 p\u00e5 vejene p\u00e5 samme tid, g\u00f8r os yderst fleksible, n\u00e5r vi en sj\u00e6lden gang skal servicere dine Ehcolo maskiner. Med en serviceaftale med Ehcolo A\/S kan du fokusere p\u00e5 din kerneforretning og undg\u00e5 un\u00f8dvendige bekymringer omkring dit EHCOLO maskineri. Vi opererer med individuelt tilpassede serviceaftaler, der passer pr\u00e6cis til dine behov og holder styr p\u00e5 dine udgifter. Vi regulerer vores servicepriser \u00e9n gang \u00e5rligt efter prisudviklingen i dansk statistik.<\/span><\/p>\t\t\t\t\t\t\t\t<\/div>\n\t\t\t\t<\/div>\n\t\t\t\t\t<\/div>\n\t\t<\/div>\n\t\t\t\t\t<\/div>\n\t\t<\/section>\n\t\t\t\t<section class=\"elementor-section elementor-top-section elementor-element elementor-element-12d357f2 elementor-reverse-tablet elementor-section-boxed elementor-section-height-default elementor-section-height-default\" data-id=\"12d357f2\" data-element_type=\"section\" data-e-type=\"section\">\n\t\t\t\t\t\t<div class=\"elementor-container elementor-column-gap-default\">\n\t\t\t\t\t<div class=\"elementor-column elementor-col-50 elementor-top-column elementor-element elementor-element-1c45b430\" data-id=\"1c45b430\" data-element_type=\"column\" data-e-type=\"column\">\n\t\t\t<div class=\"elementor-widget-wrap elementor-element-populated\">\n\t\t\t\t\t\t<div class=\"elementor-element elementor-element-2e138945 elementor-widget elementor-widget-text-editor\" data-id=\"2e138945\" data-element_type=\"widget\" data-e-type=\"widget\" data-widget_type=\"text-editor.default\">\n\t\t\t\t<div class=\"elementor-widget-container\">\n\t\t\t\t\t\t\t\t\t<h2>Professionel service 24\/7<\/h2><p><span style=\"font-weight: 400;\">F\u00e5 akut hj\u00e6lp hvis din maskine er g\u00e5et i stykker. Vi garanterer hurtig handling overalt i verden og er hurtigt p\u00e5 vej. Vores professionelle servicemont\u00f8rer hj\u00e6lper dig p\u00e5 stedet, s\u00e5 du hurtigt kan komme videre.<\/span><\/p><p><span style=\"font-weight: 400;\">Vi har mere end 20 veluddannede servicemont\u00f8rer, de samme som ogs\u00e5 samler vores maskiner og tester dem inden levering, s\u00e5 de er heldigvis mere hjemme end ude. Er de ude for at installere leverede maskiner eller til service, k\u00f8rer de fra deres private adresser og medbringer eventuelle reservedele til dagens planlagte opgaver.<\/span><\/p><p><span style=\"font-weight: 400;\">Vi tilstr\u00e6ber, at du altid har en tilknyttet fast servicemont\u00f8r, som kender din maskine i forvejen. Servicebilerne er udstyret med alt n\u00f8dvendigt v\u00e6rkt\u00f8j, reservedele og udstyr til at udf\u00f8re opgaven \u2013 og vores servicemont\u00f8rer er naturligvis l\u00f8bende opdateret med den nyeste viden om vores maskintyper.<\/span><\/p>\t\t\t\t\t\t\t\t<\/div>\n\t\t\t\t<\/div>\n\t\t\t\t\t<\/div>\n\t\t<\/div>\n\t\t\t\t<div class=\"elementor-column elementor-col-50 elementor-top-column elementor-element elementor-element-59d20dbe\" data-id=\"59d20dbe\" data-element_type=\"column\" data-e-type=\"column\">\n\t\t\t<div class=\"elementor-widget-wrap elementor-element-populated\">\n\t\t\t\t\t\t<div class=\"elementor-element elementor-element-4ed4a6c5 elementor-widget elementor-widget-image\" data-id=\"4ed4a6c5\" data-element_type=\"widget\" data-e-type=\"widget\" data-widget_type=\"image.default\">\n\t\t\t\t<div class=\"elementor-widget-container\">\n\t\t\t\t\t\t\t\t\t\t\t\t\t\t\t<img fetchpriority=\"high\" decoding=\"async\" width=\"800\" height=\"736\" src=\"https:\/\/ehcolo.com\/wp-content\/uploads\/2024\/11\/ehcolo_service-1.jpg\" class=\"attachment-large size-large wp-image-2713\" alt=\"\" srcset=\"https:\/\/ehcolo.com\/wp-content\/uploads\/2024\/11\/ehcolo_service-1.jpg 1004w, https:\/\/ehcolo.com\/wp-content\/uploads\/2024\/11\/ehcolo_service-1-300x276.jpg 300w, https:\/\/ehcolo.com\/wp-content\/uploads\/2024\/11\/ehcolo_service-1-768x707.jpg 768w, https:\/\/ehcolo.com\/wp-content\/uploads\/2024\/11\/ehcolo_service-1-13x12.jpg 13w\" sizes=\"(max-width: 800px) 100vw, 800px\" \/>\t\t\t\t\t\t\t\t\t\t\t\t\t\t\t<\/div>\n\t\t\t\t<\/div>\n\t\t\t\t\t<\/div>\n\t\t<\/div>\n\t\t\t\t\t<\/div>\n\t\t<\/section>\n\t\t\t\t<section class=\"elementor-section elementor-top-section elementor-element elementor-element-5f92ba5e elementor-reverse-tablet elementor-reverse-mobile elementor-section-boxed elementor-section-height-default elementor-section-height-default\" data-id=\"5f92ba5e\" data-element_type=\"section\" data-e-type=\"section\">\n\t\t\t\t\t\t<div class=\"elementor-container elementor-column-gap-default\">\n\t\t\t\t\t<div class=\"elementor-column elementor-col-50 elementor-top-column elementor-element elementor-element-6a962e35 elementor-hidden-tablet elementor-hidden-mobile\" data-id=\"6a962e35\" data-element_type=\"column\" data-e-type=\"column\">\n\t\t\t<div class=\"elementor-widget-wrap elementor-element-populated\">\n\t\t\t\t\t\t<div class=\"elementor-element elementor-element-4f8fe0cf elementor-widget elementor-widget-image\" data-id=\"4f8fe0cf\" data-element_type=\"widget\" data-e-type=\"widget\" data-widget_type=\"image.default\">\n\t\t\t\t<div class=\"elementor-widget-container\">\n\t\t\t\t\t\t\t\t\t\t\t\t\t\t\t<img decoding=\"async\" width=\"800\" height=\"450\" src=\"https:\/\/ehcolo.com\/wp-content\/uploads\/2024\/11\/PM-1500-2024-1024x576.jpg\" class=\"attachment-large size-large wp-image-2714\" alt=\"\" srcset=\"https:\/\/ehcolo.com\/wp-content\/uploads\/2024\/11\/PM-1500-2024-1024x576.jpg 1024w, https:\/\/ehcolo.com\/wp-content\/uploads\/2024\/11\/PM-1500-2024-300x169.jpg 300w, https:\/\/ehcolo.com\/wp-content\/uploads\/2024\/11\/PM-1500-2024-768x432.jpg 768w, https:\/\/ehcolo.com\/wp-content\/uploads\/2024\/11\/PM-1500-2024-18x10.jpg 18w, https:\/\/ehcolo.com\/wp-content\/uploads\/2024\/11\/PM-1500-2024.jpg 1366w\" sizes=\"(max-width: 800px) 100vw, 800px\" \/>\t\t\t\t\t\t\t\t\t\t\t\t\t\t\t<\/div>\n\t\t\t\t<\/div>\n\t\t\t\t\t<\/div>\n\t\t<\/div>\n\t\t\t\t<div class=\"elementor-column elementor-col-50 elementor-top-column elementor-element elementor-element-3e1f2650\" data-id=\"3e1f2650\" data-element_type=\"column\" data-e-type=\"column\">\n\t\t\t<div class=\"elementor-widget-wrap elementor-element-populated\">\n\t\t\t\t\t\t<div class=\"elementor-element elementor-element-17e7a9ca elementor-widget elementor-widget-text-editor\" data-id=\"17e7a9ca\" data-element_type=\"widget\" data-e-type=\"widget\" data-widget_type=\"text-editor.default\">\n\t\t\t\t<div class=\"elementor-widget-container\">\n\t\t\t\t\t\t\t\t\t<h2>Service i overensstemmelse med alle reguleringer<\/h2><p><span style=\"font-weight: 400;\">Hos Ehcolo udf\u00f8rer vi service efter alle reguleringer. Vi gennemg\u00e5r og servicerer omhyggeligt maskinerne efter fastlagte tjeklister og kan naturligvis servicere, godkende og reparere b\u00e5de nye og \u00e6ldre maskintyper.<\/span><\/p><p><span style=\"font-weight: 400;\">Husk: En fuldt funktionel, velholdt og vedligeholdt maskine er af h\u00f8j v\u00e6rdi, b\u00e5de til produktion og hvis den nogensinde skulle s\u00e6lges.<\/span><\/p><p><span style=\"font-weight: 400;\">Vi har altid over 20.000 reservedele p\u00e5 lager her p\u00e5 fabrikken i Tob\u00f8l, som selvf\u00f8lgelig ogs\u00e5 deles med dele til nye maskiner.<\/span><span style=\"font-weight: 400;\">.<\/span><\/p>\t\t\t\t\t\t\t\t<\/div>\n\t\t\t\t<\/div>\n\t\t\t\t<div class=\"elementor-element elementor-element-7d48210 elementor-align-left elementor-mobile-align-left elementor-widget-mobile__width-inherit elementor-widget elementor-widget-button\" data-id=\"7d48210\" data-element_type=\"widget\" data-e-type=\"widget\" data-widget_type=\"button.default\">\n\t\t\t\t<div class=\"elementor-widget-container\">\n\t\t\t\t\t\t\t\t\t<div class=\"elementor-button-wrapper\">\n\t\t\t\t\t<a class=\"elementor-button elementor-button-link elementor-size-sm elementor-animation-grow\" href=\"\/da\/kontakt\/\">\n\t\t\t\t\t\t<span class=\"elementor-button-content-wrapper\">\n\t\t\t\t\t\t<span class=\"elementor-button-icon\">\n\t\t\t\t<i aria-hidden=\"true\" class=\"fas fa-phone-alt\"><\/i>\t\t\t<\/span>\n\t\t\t\t\t\t\t\t\t<span class=\"elementor-button-text\">Kontakt os<\/span>\n\t\t\t\t\t<\/span>\n\t\t\t\t\t<\/a>\n\t\t\t\t<\/div>\n\t\t\t\t\t\t\t\t<\/div>\n\t\t\t\t<\/div>\n\t\t\t\t\t<\/div>\n\t\t<\/div>\n\t\t\t\t\t<\/div>\n\t\t<\/section>\n\t\t\t\t<section class=\"elementor-section elementor-top-section elementor-element elementor-element-1fa8a454 elementor-section-content-middle elementor-section-stretched elementor-section-boxed elementor-section-height-default elementor-section-height-default\" data-id=\"1fa8a454\" data-element_type=\"section\" data-e-type=\"section\" data-settings=\"{&quot;background_background&quot;:&quot;classic&quot;,&quot;stretch_section&quot;:&quot;section-stretched&quot;}\">\n\t\t\t\t\t\t<div class=\"elementor-container elementor-column-gap-default\">\n\t\t\t\t\t<div class=\"elementor-column elementor-col-50 elementor-top-column elementor-element elementor-element-2f67f4c6\" data-id=\"2f67f4c6\" data-element_type=\"column\" data-e-type=\"column\" data-settings=\"{&quot;background_background&quot;:&quot;classic&quot;}\">\n\t\t\t<div class=\"elementor-widget-wrap elementor-element-populated\">\n\t\t\t\t\t\t<div class=\"elementor-element elementor-element-3d590544 elementor-widget elementor-widget-text-editor\" data-id=\"3d590544\" data-element_type=\"widget\" data-e-type=\"widget\" data-widget_type=\"text-editor.default\">\n\t\t\t\t<div class=\"elementor-widget-container\">\n\t\t\t\t\t\t\t\t\t<h3>Teknisk fjernsupport<\/h3><p><span style=\"font-weight: 400;\">Vi har naturligvis udvidet vores service til ogs\u00e5 at omfatte teknisk support via telefonen og\/eller via online forbindelse til maskinerne.<\/span><\/p><p><span style=\"font-weight: 400;\">Hvis du har et problem med din maskine, som kan l\u00f8ses med teknisk support over telefonen eller online, st\u00e5r vores teknikere klar til at hj\u00e6lpe dig. Oplys maskinens serienummer og andre maskindata og problemet, s\u00e5 kan vi hj\u00e6lpe dig hurtigst muligt.<\/span><\/p><p><span style=\"font-weight: 400;\">Teknisk support faktureres til g\u00e6ldende timepris. Har du en udvidet serviceaftale med Ehcolo, er supporten gratis i dagtimerne.<\/span><\/p><p><span style=\"font-weight: 400;\">Hvis dit problem ikke kan l\u00f8ses over telefonen, sender vi en af vores kompetente mont\u00f8rer.<\/span><\/p>\t\t\t\t\t\t\t\t<\/div>\n\t\t\t\t<\/div>\n\t\t\t\t\t<\/div>\n\t\t<\/div>\n\t\t\t\t<div class=\"elementor-column elementor-col-50 elementor-top-column elementor-element elementor-element-38e253d6\" data-id=\"38e253d6\" data-element_type=\"column\" data-e-type=\"column\" data-settings=\"{&quot;background_background&quot;:&quot;classic&quot;}\">\n\t\t\t<div class=\"elementor-widget-wrap elementor-element-populated\">\n\t\t\t\t\t\t<div class=\"elementor-element elementor-element-34485d0d elementor-widget__width-initial elementor-widget-mobile__width-inherit elementor-widget elementor-widget-heading\" data-id=\"34485d0d\" data-element_type=\"widget\" data-e-type=\"widget\" data-widget_type=\"heading.default\">\n\t\t\t\t<div class=\"elementor-widget-container\">\n\t\t\t\t\t<h3 class=\"elementor-heading-title elementor-size-default\">Servicekontakt<\/h3>\t\t\t\t<\/div>\n\t\t\t\t<\/div>\n\t\t\t\t<div class=\"elementor-element elementor-element-65d040bd elementor-align-left elementor-mobile-align-left elementor-widget__width-initial elementor-widget-mobile__width-inherit elementor-widget elementor-widget-button\" data-id=\"65d040bd\" data-element_type=\"widget\" data-e-type=\"widget\" data-widget_type=\"button.default\">\n\t\t\t\t<div class=\"elementor-widget-container\">\n\t\t\t\t\t\t\t\t\t<div class=\"elementor-button-wrapper\">\n\t\t\t\t\t<a class=\"elementor-button elementor-button-link elementor-size-sm elementor-animation-grow\" href=\"mailto:service@ehcolo.dk\">\n\t\t\t\t\t\t<span class=\"elementor-button-content-wrapper\">\n\t\t\t\t\t\t<span class=\"elementor-button-icon\">\n\t\t\t\t<i aria-hidden=\"true\" class=\"fas fa-tools\"><\/i>\t\t\t<\/span>\n\t\t\t\t\t\t\t\t\t<span class=\"elementor-button-text\">Service@ehcolo.dk<\/span>\n\t\t\t\t\t<\/span>\n\t\t\t\t\t<\/a>\n\t\t\t\t<\/div>\n\t\t\t\t\t\t\t\t<\/div>\n\t\t\t\t<\/div>\n\t\t\t\t<div class=\"elementor-element elementor-element-6df85f78 elementor-widget__width-initial elementor-widget-mobile__width-inherit elementor-widget elementor-widget-heading\" data-id=\"6df85f78\" data-element_type=\"widget\" data-e-type=\"widget\" data-widget_type=\"heading.default\">\n\t\t\t\t<div class=\"elementor-widget-container\">\n\t\t\t\t\t<h3 class=\"elementor-heading-title elementor-size-default\">Reservedelskontakt\n<\/h3>\t\t\t\t<\/div>\n\t\t\t\t<\/div>\n\t\t\t\t<div class=\"elementor-element elementor-element-296b71f elementor-align-left elementor-mobile-align-left elementor-widget__width-initial elementor-widget-mobile__width-inherit elementor-widget elementor-widget-button\" data-id=\"296b71f\" data-element_type=\"widget\" data-e-type=\"widget\" data-widget_type=\"button.default\">\n\t\t\t\t<div class=\"elementor-widget-container\">\n\t\t\t\t\t\t\t\t\t<div class=\"elementor-button-wrapper\">\n\t\t\t\t\t<a class=\"elementor-button elementor-button-link elementor-size-sm elementor-animation-grow\" href=\"mailto:spareparts@ehcolo.dk\">\n\t\t\t\t\t\t<span class=\"elementor-button-content-wrapper\">\n\t\t\t\t\t\t<span class=\"elementor-button-icon\">\n\t\t\t\t<i aria-hidden=\"true\" class=\"fas fa-cogs\"><\/i>\t\t\t<\/span>\n\t\t\t\t\t\t\t\t\t<span class=\"elementor-button-text\">spareparts@ehcolo.dk<\/span>\n\t\t\t\t\t<\/span>\n\t\t\t\t\t<\/a>\n\t\t\t\t<\/div>\n\t\t\t\t\t\t\t\t<\/div>\n\t\t\t\t<\/div>\n\t\t\t\t\t<\/div>\n\t\t<\/div>\n\t\t\t\t\t<\/div>\n\t\t<\/section>\n\t\t\t\t<\/div>","protected":false},"excerpt":{"rendered":"<p>Service and spare parts Ehcolo ensures optimum use of your Ehcolo machines At Ehcolo A\/S, we put you and your company at the center. As one of the world\u00e2\u20ac\u2122s leading machine suppliers, we have a special obligation to keep your Ehcolo machines running and can therefore offer you the market\u00e2\u20ac\u2122s strongest service concept. We have [&hellip;]<\/p>\n","protected":false},"author":2,"featured_media":0,"parent":0,"menu_order":0,"comment_status":"closed","ping_status":"closed","template":"","meta":{"footnotes":""},"class_list":["post-726","page","type-page","status-publish","hentry"],"yoast_head":"<!-- This site is optimized with the Yoast SEO plugin v27.4 - https:\/\/yoast.com\/product\/yoast-seo-wordpress\/ -->\n<title>Ehcolo Service department | 24 hours support worldwide<\/title>\n<meta name=\"description\" content=\"We ensure optimal use of your machines. This means professional service and remote technical support 24\/7.\" \/>\n<meta name=\"robots\" content=\"index, follow, max-snippet:-1, max-image-preview:large, max-video-preview:-1\" \/>\n<link rel=\"canonical\" href=\"https:\/\/ehcolo.com\/da\/service\/\" \/>\n<meta property=\"og:locale\" content=\"da_DK\" \/>\n<meta property=\"og:type\" content=\"article\" \/>\n<meta property=\"og:title\" content=\"Ehcolo Service department | 24 hours support worldwide\" \/>\n<meta property=\"og:description\" content=\"We ensure optimal use of your machines. This means professional service and remote technical support 24\/7.\" \/>\n<meta property=\"og:url\" content=\"https:\/\/ehcolo.com\/da\/service\/\" \/>\n<meta property=\"og:site_name\" content=\"Ehcolo\" \/>\n<meta property=\"article:modified_time\" content=\"2025-01-20T14:07:16+00:00\" \/>\n<meta property=\"og:image\" content=\"https:\/\/ehcolo.com\/wp-content\/uploads\/2024\/11\/ehcolo_service-1.jpg\" \/>\n\t<meta property=\"og:image:width\" content=\"1004\" \/>\n\t<meta property=\"og:image:height\" content=\"924\" \/>\n\t<meta property=\"og:image:type\" content=\"image\/jpeg\" \/>\n<meta name=\"twitter:card\" content=\"summary_large_image\" \/>\n<meta name=\"twitter:label1\" content=\"Estimeret l\u00e6setid\" \/>\n\t<meta name=\"twitter:data1\" content=\"4 minutter\" \/>\n<!-- \/ Yoast SEO plugin. -->","yoast_head_json":{"title":"Ehcolo Serviceafdeling | 24 timers support over hele verden","description":"Vi sikrer optimal udnyttelse af dine maskiner. Det betyder professionel service og teknisk fjernsupport 24\/7.","robots":{"index":"index","follow":"follow","max-snippet":"max-snippet:-1","max-image-preview":"max-image-preview:large","max-video-preview":"max-video-preview:-1"},"canonical":"https:\/\/ehcolo.com\/da\/service\/","og_locale":"da_DK","og_type":"article","og_title":"Ehcolo Service department | 24 hours support worldwide","og_description":"We ensure optimal use of your machines. This means professional service and remote technical support 24\/7.","og_url":"https:\/\/ehcolo.com\/da\/service\/","og_site_name":"Ehcolo","article_modified_time":"2025-01-20T14:07:16+00:00","og_image":[{"width":1004,"height":924,"url":"https:\/\/ehcolo.com\/wp-content\/uploads\/2024\/11\/ehcolo_service-1.jpg","type":"image\/jpeg"}],"twitter_card":"summary_large_image","twitter_misc":{"Estimeret l\u00e6setid":"4 minutter"},"schema":{"@context":"https:\/\/schema.org","@graph":[{"@type":"WebPage","@id":"https:\/\/ehcolo.com\/service\/","url":"https:\/\/ehcolo.com\/service\/","name":"Ehcolo Serviceafdeling | 24 timers support over hele verden","isPartOf":{"@id":"https:\/\/ehcolo.com\/en\/#website"},"primaryImageOfPage":{"@id":"https:\/\/ehcolo.com\/service\/#primaryimage"},"image":{"@id":"https:\/\/ehcolo.com\/service\/#primaryimage"},"thumbnailUrl":"https:\/\/ehcolo.com\/wp-content\/uploads\/2024\/11\/ehcolo_service-1.jpg","datePublished":"2024-08-29T07:19:55+00:00","dateModified":"2025-01-20T14:07:16+00:00","description":"Vi sikrer optimal udnyttelse af dine maskiner. Det betyder professionel service og teknisk fjernsupport 24\/7.","breadcrumb":{"@id":"https:\/\/ehcolo.com\/service\/#breadcrumb"},"inLanguage":"da-DK","potentialAction":[{"@type":"ReadAction","target":["https:\/\/ehcolo.com\/service\/"]}]},{"@type":"ImageObject","inLanguage":"da-DK","@id":"https:\/\/ehcolo.com\/service\/#primaryimage","url":"https:\/\/ehcolo.com\/wp-content\/uploads\/2024\/11\/ehcolo_service-1.jpg","contentUrl":"https:\/\/ehcolo.com\/wp-content\/uploads\/2024\/11\/ehcolo_service-1.jpg"},{"@type":"BreadcrumbList","@id":"https:\/\/ehcolo.com\/service\/#breadcrumb","itemListElement":[{"@type":"ListItem","position":1,"name":"Home","item":"https:\/\/ehcolo.com\/"},{"@type":"ListItem","position":2,"name":"Service"}]},{"@type":"WebSite","@id":"https:\/\/ehcolo.com\/en\/#website","url":"https:\/\/ehcolo.com\/en\/","name":"Ehcolo","description":"","publisher":{"@id":"https:\/\/ehcolo.com\/en\/#organization"},"potentialAction":[{"@type":"SearchAction","target":{"@type":"EntryPoint","urlTemplate":"https:\/\/ehcolo.com\/en\/?s={search_term_string}"},"query-input":{"@type":"PropertyValueSpecification","valueRequired":true,"valueName":"search_term_string"}}],"inLanguage":"da-DK"},{"@type":"Organization","@id":"https:\/\/ehcolo.com\/en\/#organization","name":"Ehcolo","url":"https:\/\/ehcolo.com\/en\/","logo":{"@type":"ImageObject","inLanguage":"da-DK","@id":"https:\/\/ehcolo.com\/en\/#\/schema\/logo\/image\/","url":"https:\/\/ehcolo.com\/wp-content\/uploads\/2024\/08\/Ehcolo_logo_u_bg-1.svg","contentUrl":"https:\/\/ehcolo.com\/wp-content\/uploads\/2024\/08\/Ehcolo_logo_u_bg-1.svg","width":202,"height":57,"caption":"Ehcolo"},"image":{"@id":"https:\/\/ehcolo.com\/en\/#\/schema\/logo\/image\/"}}]}},"_links":{"self":[{"href":"https:\/\/ehcolo.com\/da\/wp-json\/wp\/v2\/pages\/726","targetHints":{"allow":["GET"]}}],"collection":[{"href":"https:\/\/ehcolo.com\/da\/wp-json\/wp\/v2\/pages"}],"about":[{"href":"https:\/\/ehcolo.com\/da\/wp-json\/wp\/v2\/types\/page"}],"author":[{"embeddable":true,"href":"https:\/\/ehcolo.com\/da\/wp-json\/wp\/v2\/users\/2"}],"replies":[{"embeddable":true,"href":"https:\/\/ehcolo.com\/da\/wp-json\/wp\/v2\/comments?post=726"}],"version-history":[{"count":0,"href":"https:\/\/ehcolo.com\/da\/wp-json\/wp\/v2\/pages\/726\/revisions"}],"wp:attachment":[{"href":"https:\/\/ehcolo.com\/da\/wp-json\/wp\/v2\/media?parent=726"}],"curies":[{"name":"wp","href":"https:\/\/api.w.org\/{rel}","templated":true}]}}