{"id":686,"date":"2024-08-29T07:33:03","date_gmt":"2024-08-29T05:33:03","guid":{"rendered":"https:\/\/ehcolo.com\/?page_id=686"},"modified":"2025-04-09T08:40:39","modified_gmt":"2025-04-09T06:40:39","slug":"ehcolo-verpackung","status":"publish","type":"page","link":"https:\/\/ehcolo.com\/de\/nachhaltigkeit\/ehcolo-verpackung\/","title":{"rendered":"Ehcolo verpackung"},"content":{"rendered":"<div data-elementor-type=\"wp-page\" data-elementor-id=\"686\" class=\"elementor elementor-686\" data-elementor-post-type=\"page\">\n\t\t\t\t\t\t<header class=\"elementor-section elementor-top-section elementor-element elementor-element-c509a7a elementor-section-full_width elementor-section-height-min-height elementor-section-height-default elementor-section-items-middle\" data-id=\"c509a7a\" data-element_type=\"section\" data-e-type=\"section\">\n\t\t\t\t\t\t<div class=\"elementor-container elementor-column-gap-default\">\n\t\t\t\t\t<div class=\"elementor-column elementor-col-100 elementor-top-column elementor-element elementor-element-af5e99d\" data-id=\"af5e99d\" data-element_type=\"column\" data-e-type=\"column\">\n\t\t\t<div class=\"elementor-widget-wrap elementor-element-populated\">\n\t\t\t\t\t\t<div class=\"elementor-element elementor-element-1375aaf elementor-cta--skin-cover elementor-animated-content elementor-bg-transform elementor-bg-transform-zoom-in elementor-widget elementor-widget-call-to-action\" data-id=\"1375aaf\" data-element_type=\"widget\" data-e-type=\"widget\" data-widget_type=\"call-to-action.default\">\n\t\t\t\t<div class=\"elementor-widget-container\">\n\t\t\t\t\t\t\t<div class=\"elementor-cta\">\n\t\t\t\t\t<div class=\"elementor-cta__bg-wrapper\">\n\t\t\t\t<div class=\"elementor-cta__bg elementor-bg\" style=\"background-image: url(https:\/\/ehcolo.com\/wp-content\/uploads\/2024\/08\/Green_packaging_top-1.jpg);\" role=\"img\" aria-label=\"Gr\u00fcne_Verpackung_oben-1.jpg\"><\/div>\n\t\t\t\t<div class=\"elementor-cta__bg-overlay\"><\/div>\n\t\t\t<\/div>\n\t\t\t\t\t\t\t<div class=\"elementor-cta__content\">\n\t\t\t\t\n\t\t\t\t\t\t\t\t\t<h1 class=\"elementor-cta__title elementor-cta__content-item elementor-content-item elementor-animated-item--grow\">\n\t\t\t\t\t\tEhcolo verpackung\t\t\t\t\t<\/h1>\n\t\t\t\t\n\t\t\t\t\n\t\t\t\t\t\t\t<\/div>\n\t\t\t\t\t\t<\/div>\n\t\t\t\t\t\t<\/div>\n\t\t\t\t<\/div>\n\t\t\t\t\t<\/div>\n\t\t<\/div>\n\t\t\t\t\t<\/div>\n\t\t<\/header>\n\t\t\t\t<section class=\"elementor-section elementor-top-section elementor-element elementor-element-2f3d58b elementor-section-boxed elementor-section-height-default elementor-section-height-default\" data-id=\"2f3d58b\" data-element_type=\"section\" data-e-type=\"section\">\n\t\t\t\t\t\t<div class=\"elementor-container elementor-column-gap-default\">\n\t\t\t\t\t<div class=\"elementor-column elementor-col-100 elementor-top-column elementor-element elementor-element-65543c8\" data-id=\"65543c8\" data-element_type=\"column\" data-e-type=\"column\">\n\t\t\t<div class=\"elementor-widget-wrap elementor-element-populated\">\n\t\t\t\t\t\t<div class=\"elementor-element elementor-element-6c0c964 elementor-widget elementor-widget-spacer\" data-id=\"6c0c964\" data-element_type=\"widget\" data-e-type=\"widget\" data-widget_type=\"spacer.default\">\n\t\t\t\t<div class=\"elementor-widget-container\">\n\t\t\t\t\t\t\t<div class=\"elementor-spacer\">\n\t\t\t<div class=\"elementor-spacer-inner\"><\/div>\n\t\t<\/div>\n\t\t\t\t\t\t<\/div>\n\t\t\t\t<\/div>\n\t\t\t\t<div class=\"elementor-element elementor-element-1d23bc2 elementor-widget elementor-widget-heading\" data-id=\"1d23bc2\" data-element_type=\"widget\" data-e-type=\"widget\" data-widget_type=\"heading.default\">\n\t\t\t\t<div class=\"elementor-widget-container\">\n\t\t\t\t\t<h2 class=\"elementor-heading-title elementor-size-default\">Wir k\u00fcmmern uns um die Umwelt<\/h2>\t\t\t\t<\/div>\n\t\t\t\t<\/div>\n\t\t\t\t<div class=\"elementor-element elementor-element-d0f01d4 elementor-widget elementor-widget-text-editor\" data-id=\"d0f01d4\" data-element_type=\"widget\" data-e-type=\"widget\" data-widget_type=\"text-editor.default\">\n\t\t\t\t<div class=\"elementor-widget-container\">\n\t\t\t\t\t\t\t\t\t<p>Der Klimawandel ist eines der dringendsten Probleme unserer Zeit. Wir sind davon \u00fcberzeugt, dass Unternehmen dabei eine Schl\u00fcsselrolle spielen. Die Umwelt liegt uns am Herzen, und deshalb haben wir bei der Entwicklung unserer Maschinen innovativ und umweltbewusst gehandelt.<\/p><p>Bei Ehcolo haben wir den Ehrgeiz, proaktiv Technologien auf der Grundlage der neuesten Innovationen zu implementieren, um den geringstm\u00f6glichen CO2-Fu\u00dfabdruck unserer Ger\u00e4te zu erreichen. Wir werden uns kontinuierlich weiterentwickeln, wenn neue L\u00f6sungen und Technologien auftauchen.<\/p>\t\t\t\t\t\t\t\t<\/div>\n\t\t\t\t<\/div>\n\t\t\t\t\t<\/div>\n\t\t<\/div>\n\t\t\t\t\t<\/div>\n\t\t<\/section>\n\t\t\t\t<section class=\"elementor-section elementor-top-section elementor-element elementor-element-36c0840 elementor-section-boxed elementor-section-height-default elementor-section-height-default\" data-id=\"36c0840\" data-element_type=\"section\" data-e-type=\"section\">\n\t\t\t\t\t\t<div class=\"elementor-container elementor-column-gap-default\">\n\t\t\t\t\t<div class=\"elementor-column elementor-col-50 elementor-top-column elementor-element elementor-element-f4e39a4\" data-id=\"f4e39a4\" data-element_type=\"column\" data-e-type=\"column\">\n\t\t\t<div class=\"elementor-widget-wrap elementor-element-populated\">\n\t\t\t\t\t\t<div class=\"elementor-element elementor-element-51f0212 elementor-widget elementor-widget-spacer\" data-id=\"51f0212\" data-element_type=\"widget\" data-e-type=\"widget\" data-widget_type=\"spacer.default\">\n\t\t\t\t<div class=\"elementor-widget-container\">\n\t\t\t\t\t\t\t<div class=\"elementor-spacer\">\n\t\t\t<div class=\"elementor-spacer-inner\"><\/div>\n\t\t<\/div>\n\t\t\t\t\t\t<\/div>\n\t\t\t\t<\/div>\n\t\t\t\t<div class=\"elementor-element elementor-element-1be98d7 elementor-widget elementor-widget-text-editor\" data-id=\"1be98d7\" data-element_type=\"widget\" data-e-type=\"widget\" data-widget_type=\"text-editor.default\">\n\t\t\t\t<div class=\"elementor-widget-container\">\n\t\t\t\t\t\t\t\t\t<h2>Was macht Ehcolo energieeffizient?<\/h2><p>Seit 2009 sind wir kontinuierlich bestrebt, unsere Maschinen immer energieeffizienter zu machen. Alle mechanischen Teile wurden neu gestaltet, wobei Energieeffizienz in unsere bew\u00e4hrten, robusten Originalkonstruktionen integriert wurde. Oberfl\u00e4chen mit hohem Widerstand wurden mit Teflon beschichtet. Alle beweglichen Verbindungen sind mit reibungsarmen Kugellagern ausgestattet. Gewichtsreduzierung durch Design- oder Material\u00e4nderung zu Aluminium an beweglichen Teilen. Ineffiziente Luftzylinder wurden durch elektrische Antriebe ersetzt, sofern dies physikalisch m\u00f6glich war. Getriebemotoren wurden aktualisiert, um den h\u00f6chsten internationalen Effizienzstandards zu entsprechen.<\/p><p><em>\u201eHeute sind wir auf einem sehr guten Weg, der f\u00fchrende Hersteller von Palettiermaschinen zu sein, sowohl was den niedrigen Energieverbrauch als auch die beste erzielbare Qualit\u00e4t betrifft\u201c \u2013 <\/em><strong>Ole<\/strong><strong style=\"color: var( --e-global-color-text ); font-family: var( --e-global-typography-text-font-family ), monserat;\">\u00a0Andersen, Gesch\u00e4ftsf\u00fchrer von Ehcolo.<\/strong><\/p><p>Alle Asynchronmotoren entsprechen derzeit der Premium-Effizienzklasse IE3, dem derzeit besten verf\u00fcgbaren Standard. Auf allen Positionierungsachsen verwenden wir SEW-Servomotoren, die \u00fcber den internationalen Effizienzstandards liegen, da noch keine Standards den niedrigen Energieverbrauch dieser Motortypen erf\u00fcllen. Die Ultra-Premium-Effizienzklasse IE4 ist derzeit in Vorbereitung und wir freuen uns darauf, was uns diese in Bezug auf zuk\u00fcnftige Verbesserungen bieten kann. Unser Steuerungssystem ist das beste seiner Klasse, wobei alle Motoren mit dem AcoposMulti-Servosteuerungssystem von B&amp;R\/ABB laufen.<\/p><p>Alle Motoren werden von diesem System angetrieben, das einen sanften Start und Stopp aller Bewegungen gew\u00e4hrleistet und so zu einer l\u00e4ngeren mechanischen Lebensdauer und einem minimalen Energieverbrauch beitr\u00e4gt. Bei komplexen Maschinen, bei denen Bewegungen nacheinander ausgef\u00fchrt werden, wird kinetische Energie oft in Form von W\u00e4rme in den Bremswiderst\u00e4nden freigesetzt. Durch den Anschluss von ACOPOSmulti-Servoantrieben \u00fcber den DC-Bus k\u00f6nnen bis zu 30% der f\u00fcr Bewegungen verwendeten Energie eingespart werden. Bremsenergie wird in Kondensatoren gespeichert und sp\u00e4ter f\u00fcr die Beschleunigung bereitgestellt. Diese Bremsenergie wird von anderen laufenden Motoren wiederverwendet, wodurch der Energieverbrauch im Vergleich zu Systemen ohne Regenerationsfunktionen um bis zu 20% gesenkt wird, was zu einer sichereren und ges\u00fcnderen Umwelt und Wirtschaftlichkeit beitr\u00e4gt.<\/p><p>Der Anwender profitiert nicht nur von der effizienten Energienutzung, sondern auch von einem k\u00fchleren Schaltschrank, da die W\u00e4rmeentwicklung der Widerst\u00e4nde stark reduziert wird. Die Messungen an unseren Palettierern haben bewiesen, dass wir allein durch das AcoposMulti-System 20% Energie einsparen.<\/p>\t\t\t\t\t\t\t\t<\/div>\n\t\t\t\t<\/div>\n\t\t\t\t<div class=\"elementor-element elementor-element-2fad8ef elementor-widget elementor-widget-text-editor\" data-id=\"2fad8ef\" data-element_type=\"widget\" data-e-type=\"widget\" data-widget_type=\"text-editor.default\">\n\t\t\t\t<div class=\"elementor-widget-container\">\n\t\t\t\t\t\t\t\t\t<p><a href=\"https:\/\/ehcolo.com\/de\/advantages\/\">Lesen Sie mehr \u00fcber alle Vorteile, die Sie durch die Investition in eine Palette von Ehcolo erhalten<\/a><\/p>\t\t\t\t\t\t\t\t<\/div>\n\t\t\t\t<\/div>\n\t\t\t\t<div class=\"elementor-element elementor-element-bcd27da elementor-widget elementor-widget-text-editor\" data-id=\"bcd27da\" data-element_type=\"widget\" data-e-type=\"widget\" data-no-translation=\"\" data-widget_type=\"text-editor.default\">\n\t\t\t\t<div class=\"elementor-widget-container\">\n\t\t\t\t\t<style>.elementor-element-bcd27da{display:none !important}<\/style>\t\t\t\t<\/div>\n\t\t\t\t<\/div>\n\t\t\t\t<div class=\"elementor-element elementor-element-5ce4562 elementor-widget elementor-widget-spacer\" data-id=\"5ce4562\" data-element_type=\"widget\" data-e-type=\"widget\" data-widget_type=\"spacer.default\">\n\t\t\t\t<div class=\"elementor-widget-container\">\n\t\t\t\t\t\t\t<div class=\"elementor-spacer\">\n\t\t\t<div class=\"elementor-spacer-inner\"><\/div>\n\t\t<\/div>\n\t\t\t\t\t\t<\/div>\n\t\t\t\t<\/div>\n\t\t\t\t\t<\/div>\n\t\t<\/div>\n\t\t\t\t<div class=\"elementor-column elementor-col-50 elementor-top-column elementor-element elementor-element-87bcb98\" data-id=\"87bcb98\" data-element_type=\"column\" data-e-type=\"column\">\n\t\t\t<div class=\"elementor-widget-wrap elementor-element-populated\">\n\t\t\t\t\t\t<div class=\"elementor-element elementor-element-6baa836 elementor-widget elementor-widget-image\" data-id=\"6baa836\" data-element_type=\"widget\" data-e-type=\"widget\" data-widget_type=\"image.default\">\n\t\t\t\t<div class=\"elementor-widget-container\">\n\t\t\t\t\t\t\t\t\t\t\t\t\t\t\t\t<a href=\"https:\/\/ehcolo.com\/wp-content\/uploads\/2024\/08\/global-recycling.png\" data-elementor-open-lightbox=\"yes\" data-elementor-lightbox-title=\"global-recycling.png\" data-e-action-hash=\"#elementor-action%3Aaction%3Dlightbox%26settings%3DeyJpZCI6IjM0MiIsInVybCI6Imh0dHBzOlwvXC9laGNvbG8uY29tXC93cC1jb250ZW50XC91cGxvYWRzXC8yMDI0XC8wOFwvZ2xvYmFsLXJlY3ljbGluZy5wbmcifQ%3D%3D\">\n\t\t\t\t\t\t\t<img fetchpriority=\"high\" decoding=\"async\" width=\"417\" height=\"417\" src=\"https:\/\/ehcolo.com\/wp-content\/uploads\/2024\/08\/global-recycling.png\" class=\"attachment-full size-full wp-image-342\" alt=\"\" srcset=\"https:\/\/ehcolo.com\/wp-content\/uploads\/2024\/08\/global-recycling.png 417w, https:\/\/ehcolo.com\/wp-content\/uploads\/2024\/08\/global-recycling-300x300.png 300w, https:\/\/ehcolo.com\/wp-content\/uploads\/2024\/08\/global-recycling-150x150.png 150w, https:\/\/ehcolo.com\/wp-content\/uploads\/2024\/08\/global-recycling-12x12.png 12w\" sizes=\"(max-width: 417px) 100vw, 417px\" \/>\t\t\t\t\t\t\t\t<\/a>\n\t\t\t\t\t\t\t\t\t\t\t\t\t\t\t<\/div>\n\t\t\t\t<\/div>\n\t\t\t\t<div class=\"elementor-element elementor-element-8bdbe0c elementor-hidden-mobile elementor-widget elementor-widget-image\" data-id=\"8bdbe0c\" data-element_type=\"widget\" data-e-type=\"widget\" data-widget_type=\"image.default\">\n\t\t\t\t<div class=\"elementor-widget-container\">\n\t\t\t\t\t\t\t\t\t\t\t\t\t\t\t\t<a href=\"https:\/\/ehcolo.com\/wp-content\/uploads\/2024\/08\/Ehcolo_billede_Greenpackaing-1.jpg\" data-elementor-open-lightbox=\"yes\" data-elementor-lightbox-title=\"Ehcolo_billede_Greenpackaing-1.jpg\" data-e-action-hash=\"#elementor-action%3Aaction%3Dlightbox%26settings%3DeyJpZCI6NjkwLCJ1cmwiOiJodHRwczpcL1wvZWhjb2xvLmNvbVwvd3AtY29udGVudFwvdXBsb2Fkc1wvMjAyNFwvMDhcL0VoY29sb19iaWxsZWRlX0dyZWVucGFja2FpbmctMS5qcGcifQ%3D%3D\">\n\t\t\t\t\t\t\t<img decoding=\"async\" width=\"1084\" height=\"743\" src=\"https:\/\/ehcolo.com\/wp-content\/uploads\/2024\/08\/Ehcolo_billede_Greenpackaing-1.jpg\" class=\"attachment-full size-full wp-image-690\" alt=\"\" srcset=\"https:\/\/ehcolo.com\/wp-content\/uploads\/2024\/08\/Ehcolo_billede_Greenpackaing-1.jpg 1084w, https:\/\/ehcolo.com\/wp-content\/uploads\/2024\/08\/Ehcolo_billede_Greenpackaing-1-300x206.jpg 300w, https:\/\/ehcolo.com\/wp-content\/uploads\/2024\/08\/Ehcolo_billede_Greenpackaing-1-1024x702.jpg 1024w, https:\/\/ehcolo.com\/wp-content\/uploads\/2024\/08\/Ehcolo_billede_Greenpackaing-1-768x526.jpg 768w, https:\/\/ehcolo.com\/wp-content\/uploads\/2024\/08\/Ehcolo_billede_Greenpackaing-1-18x12.jpg 18w\" sizes=\"(max-width: 1084px) 100vw, 1084px\" \/>\t\t\t\t\t\t\t\t<\/a>\n\t\t\t\t\t\t\t\t\t\t\t\t\t\t\t<\/div>\n\t\t\t\t<\/div>\n\t\t\t\t<div class=\"elementor-element elementor-element-0986afd elementor-widget elementor-widget-spacer\" data-id=\"0986afd\" data-element_type=\"widget\" data-e-type=\"widget\" data-widget_type=\"spacer.default\">\n\t\t\t\t<div class=\"elementor-widget-container\">\n\t\t\t\t\t\t\t<div class=\"elementor-spacer\">\n\t\t\t<div class=\"elementor-spacer-inner\"><\/div>\n\t\t<\/div>\n\t\t\t\t\t\t<\/div>\n\t\t\t\t<\/div>\n\t\t\t\t\t<\/div>\n\t\t<\/div>\n\t\t\t\t\t<\/div>\n\t\t<\/section>\n\t\t\t\t<section class=\"elementor-section elementor-top-section elementor-element elementor-element-a8e0673 elementor-section-boxed elementor-section-height-default elementor-section-height-default\" data-id=\"a8e0673\" data-element_type=\"section\" data-e-type=\"section\">\n\t\t\t\t\t\t<div class=\"elementor-container elementor-column-gap-default\">\n\t\t\t\t\t<div class=\"elementor-column elementor-col-50 elementor-top-column elementor-element elementor-element-eba6f0e\" data-id=\"eba6f0e\" data-element_type=\"column\" data-e-type=\"column\">\n\t\t\t<div class=\"elementor-widget-wrap elementor-element-populated\">\n\t\t\t\t\t\t<div class=\"elementor-element elementor-element-85b1458 elementor-widget elementor-widget-spacer\" data-id=\"85b1458\" data-element_type=\"widget\" data-e-type=\"widget\" data-widget_type=\"spacer.default\">\n\t\t\t\t<div class=\"elementor-widget-container\">\n\t\t\t\t\t\t\t<div class=\"elementor-spacer\">\n\t\t\t<div class=\"elementor-spacer-inner\"><\/div>\n\t\t<\/div>\n\t\t\t\t\t\t<\/div>\n\t\t\t\t<\/div>\n\t\t\t\t<div class=\"elementor-element elementor-element-0a41a6c elementor-widget elementor-widget-text-editor\" data-id=\"0a41a6c\" data-element_type=\"widget\" data-e-type=\"widget\" data-widget_type=\"text-editor.default\">\n\t\t\t\t<div class=\"elementor-widget-container\">\n\t\t\t\t\t\t\t\t\t<h2>Steuerung von \u00fcberall<\/h2>\n<p>Unsere Maschinen wurden so entwickelt, dass sie von \u00fcberall auf der Welt \u00fcberwacht und gesteuert werden k\u00f6nnen. Das bedeutet, dass wir aus der Ferne Diagnosearbeiten durchf\u00fchren oder die Software der Maschinen aktualisieren k\u00f6nnen. Dies geschieht, um alles f\u00fcr Ihr Unternehmen so effizient wie m\u00f6glich zu gestalten, ohne dass es zu Ausfallzeiten kommt. Der gr\u00f6\u00dfte Vorteil ist, dass wir Ihnen das Gef\u00fchl geben, dass wir zusammen am selben Ort sind, ohne dass Sie reisen m\u00fcssen. Das macht uns umweltfreundlicher und schont die Umwelt.<\/p>\t\t\t\t\t\t\t\t<\/div>\n\t\t\t\t<\/div>\n\t\t\t\t\t<\/div>\n\t\t<\/div>\n\t\t\t\t<div class=\"elementor-column elementor-col-50 elementor-top-column elementor-element elementor-element-ed65a8c\" data-id=\"ed65a8c\" data-element_type=\"column\" data-e-type=\"column\">\n\t\t\t<div class=\"elementor-widget-wrap elementor-element-populated\">\n\t\t\t\t\t\t<div class=\"elementor-element elementor-element-5f9c897 elementor-widget elementor-widget-spacer\" data-id=\"5f9c897\" data-element_type=\"widget\" data-e-type=\"widget\" data-widget_type=\"spacer.default\">\n\t\t\t\t<div class=\"elementor-widget-container\">\n\t\t\t\t\t\t\t<div class=\"elementor-spacer\">\n\t\t\t<div class=\"elementor-spacer-inner\"><\/div>\n\t\t<\/div>\n\t\t\t\t\t\t<\/div>\n\t\t\t\t<\/div>\n\t\t\t\t<div class=\"elementor-element elementor-element-5c22f79 elementor-widget elementor-widget-video\" data-id=\"5c22f79\" data-element_type=\"widget\" data-e-type=\"widget\" data-settings=\"{&quot;youtube_url&quot;:&quot;https:\\\/\\\/www.youtube.com\\\/watch?v=-tDGzwsBokY&quot;,&quot;video_type&quot;:&quot;youtube&quot;,&quot;controls&quot;:&quot;yes&quot;}\" data-widget_type=\"video.default\">\n\t\t\t\t<div class=\"elementor-widget-container\">\n\t\t\t\t\t\t\t<div class=\"elementor-wrapper elementor-open-inline\">\n\t\t\t<div class=\"elementor-video\"><\/div>\t\t<\/div>\n\t\t\t\t\t\t<\/div>\n\t\t\t\t<\/div>\n\t\t\t\t<div class=\"elementor-element elementor-element-ec75716 elementor-widget elementor-widget-spacer\" data-id=\"ec75716\" data-element_type=\"widget\" data-e-type=\"widget\" data-widget_type=\"spacer.default\">\n\t\t\t\t<div class=\"elementor-widget-container\">\n\t\t\t\t\t\t\t<div class=\"elementor-spacer\">\n\t\t\t<div class=\"elementor-spacer-inner\"><\/div>\n\t\t<\/div>\n\t\t\t\t\t\t<\/div>\n\t\t\t\t<\/div>\n\t\t\t\t\t<\/div>\n\t\t<\/div>\n\t\t\t\t\t<\/div>\n\t\t<\/section>\n\t\t\t\t<\/div>","protected":false},"excerpt":{"rendered":"<p>Ehcolo Packaging Machines We care about the environment Climate change is one of the most pressing issues of our time where we believe businesses has a key role to play. We care about the environment and that\u2019s why we have been innovative and thinking green when developing our machines. At Ehcolo we have the ambition [&hellip;]<\/p>\n","protected":false},"author":2,"featured_media":477,"parent":648,"menu_order":0,"comment_status":"closed","ping_status":"closed","template":"","meta":{"footnotes":""},"class_list":["post-686","page","type-page","status-publish","has-post-thumbnail","hentry"],"yoast_head":"<!-- This site is optimized with the Yoast SEO plugin v27.4 - https:\/\/yoast.com\/product\/yoast-seo-wordpress\/ -->\n<title>Palletizing machine &amp; stretch hood | Sustainability<\/title>\n<meta name=\"description\" content=\"Energy-efficient palletizing machines, stretch hood systems, and packaging lines saving 20% energy with Ehcolo&#039;s solutions.\" \/>\n<meta name=\"robots\" content=\"index, follow, max-snippet:-1, max-image-preview:large, max-video-preview:-1\" \/>\n<link rel=\"canonical\" href=\"https:\/\/ehcolo.com\/de\/nachhaltigkeit\/ehcolo-verpackung\/\" \/>\n<meta property=\"og:locale\" content=\"de_DE\" \/>\n<meta property=\"og:type\" content=\"article\" \/>\n<meta property=\"og:title\" content=\"Palletizing machine &amp; stretch hood | Sustainability\" \/>\n<meta property=\"og:description\" content=\"Energy-efficient palletizing machines, stretch hood systems, and packaging lines saving 20% energy with Ehcolo&#039;s solutions.\" \/>\n<meta property=\"og:url\" content=\"https:\/\/ehcolo.com\/de\/nachhaltigkeit\/ehcolo-verpackung\/\" \/>\n<meta property=\"og:site_name\" content=\"Ehcolo\" \/>\n<meta property=\"article:modified_time\" content=\"2025-04-09T06:40:39+00:00\" \/>\n<meta property=\"og:image\" content=\"https:\/\/ehcolo.com\/wp-content\/uploads\/2024\/08\/5V8A8517-scaled-1.jpg\" \/>\n\t<meta property=\"og:image:width\" content=\"2560\" \/>\n\t<meta property=\"og:image:height\" content=\"1707\" \/>\n\t<meta property=\"og:image:type\" content=\"image\/jpeg\" \/>\n<meta name=\"twitter:card\" content=\"summary_large_image\" \/>\n<meta name=\"twitter:label1\" content=\"Gesch\u00e4tzte Lesezeit\" \/>\n\t<meta name=\"twitter:data1\" content=\"4\u00a0Minuten\" \/>\n<!-- \/ Yoast SEO plugin. -->","yoast_head_json":{"title":"Palettiermaschine &amp; stretchmaschine | Nachhaltigkeit","description":"Energieeffiziente Palettiermaschinen, Stretchhaubensysteme und Verpackungslinien sparen mit den L\u00f6sungen von Ehcolo 20% Energie.","robots":{"index":"index","follow":"follow","max-snippet":"max-snippet:-1","max-image-preview":"max-image-preview:large","max-video-preview":"max-video-preview:-1"},"canonical":"https:\/\/ehcolo.com\/de\/nachhaltigkeit\/ehcolo-verpackung\/","og_locale":"de_DE","og_type":"article","og_title":"Palletizing machine & stretch hood | Sustainability","og_description":"Energy-efficient palletizing machines, stretch hood systems, and packaging lines saving 20% energy with Ehcolo's solutions.","og_url":"https:\/\/ehcolo.com\/de\/nachhaltigkeit\/ehcolo-verpackung\/","og_site_name":"Ehcolo","article_modified_time":"2025-04-09T06:40:39+00:00","og_image":[{"width":2560,"height":1707,"url":"https:\/\/ehcolo.com\/wp-content\/uploads\/2024\/08\/5V8A8517-scaled-1.jpg","type":"image\/jpeg"}],"twitter_card":"summary_large_image","twitter_misc":{"Gesch\u00e4tzte Lesezeit":"4\u00a0Minuten"},"schema":{"@context":"https:\/\/schema.org","@graph":[{"@type":"WebPage","@id":"https:\/\/ehcolo.com\/sustainability\/ehcolo-packaging-machines\/","url":"https:\/\/ehcolo.com\/sustainability\/ehcolo-packaging-machines\/","name":"Palettiermaschine &amp; stretchmaschine | Nachhaltigkeit","isPartOf":{"@id":"https:\/\/ehcolo.com\/en\/#website"},"primaryImageOfPage":{"@id":"https:\/\/ehcolo.com\/sustainability\/ehcolo-packaging-machines\/#primaryimage"},"image":{"@id":"https:\/\/ehcolo.com\/sustainability\/ehcolo-packaging-machines\/#primaryimage"},"thumbnailUrl":"https:\/\/ehcolo.com\/wp-content\/uploads\/2024\/08\/5V8A8517-scaled-1.jpg","datePublished":"2024-08-29T05:33:03+00:00","dateModified":"2025-04-09T06:40:39+00:00","description":"Energieeffiziente Palettiermaschinen, Stretchhaubensysteme und Verpackungslinien sparen mit den L\u00f6sungen von Ehcolo 20% Energie.","breadcrumb":{"@id":"https:\/\/ehcolo.com\/sustainability\/ehcolo-packaging-machines\/#breadcrumb"},"inLanguage":"de","potentialAction":[{"@type":"ReadAction","target":["https:\/\/ehcolo.com\/sustainability\/ehcolo-packaging-machines\/"]}]},{"@type":"ImageObject","inLanguage":"de","@id":"https:\/\/ehcolo.com\/sustainability\/ehcolo-packaging-machines\/#primaryimage","url":"https:\/\/ehcolo.com\/wp-content\/uploads\/2024\/08\/5V8A8517-scaled-1.jpg","contentUrl":"https:\/\/ehcolo.com\/wp-content\/uploads\/2024\/08\/5V8A8517-scaled-1.jpg","width":2560,"height":1707},{"@type":"BreadcrumbList","@id":"https:\/\/ehcolo.com\/sustainability\/ehcolo-packaging-machines\/#breadcrumb","itemListElement":[{"@type":"ListItem","position":1,"name":"Home","item":"https:\/\/ehcolo.com\/"},{"@type":"ListItem","position":2,"name":"Sustainability","item":"https:\/\/ehcolo.com\/de\/nachhaltigkeit\/"},{"@type":"ListItem","position":3,"name":"Ehcolo Packaging Machines"}]},{"@type":"WebSite","@id":"https:\/\/ehcolo.com\/en\/#website","url":"https:\/\/ehcolo.com\/en\/","name":"Ehcolo","description":"","publisher":{"@id":"https:\/\/ehcolo.com\/en\/#organization"},"potentialAction":[{"@type":"SearchAction","target":{"@type":"EntryPoint","urlTemplate":"https:\/\/ehcolo.com\/en\/?s={search_term_string}"},"query-input":{"@type":"PropertyValueSpecification","valueRequired":true,"valueName":"search_term_string"}}],"inLanguage":"de"},{"@type":"Organization","@id":"https:\/\/ehcolo.com\/en\/#organization","name":"Ehcolo","url":"https:\/\/ehcolo.com\/en\/","logo":{"@type":"ImageObject","inLanguage":"de","@id":"https:\/\/ehcolo.com\/en\/#\/schema\/logo\/image\/","url":"https:\/\/ehcolo.com\/wp-content\/uploads\/2024\/08\/Ehcolo_logo_u_bg-1.svg","contentUrl":"https:\/\/ehcolo.com\/wp-content\/uploads\/2024\/08\/Ehcolo_logo_u_bg-1.svg","width":202,"height":57,"caption":"Ehcolo"},"image":{"@id":"https:\/\/ehcolo.com\/en\/#\/schema\/logo\/image\/"}}]}},"_links":{"self":[{"href":"https:\/\/ehcolo.com\/de\/wp-json\/wp\/v2\/pages\/686","targetHints":{"allow":["GET"]}}],"collection":[{"href":"https:\/\/ehcolo.com\/de\/wp-json\/wp\/v2\/pages"}],"about":[{"href":"https:\/\/ehcolo.com\/de\/wp-json\/wp\/v2\/types\/page"}],"author":[{"embeddable":true,"href":"https:\/\/ehcolo.com\/de\/wp-json\/wp\/v2\/users\/2"}],"replies":[{"embeddable":true,"href":"https:\/\/ehcolo.com\/de\/wp-json\/wp\/v2\/comments?post=686"}],"version-history":[{"count":36,"href":"https:\/\/ehcolo.com\/de\/wp-json\/wp\/v2\/pages\/686\/revisions"}],"predecessor-version":[{"id":3893,"href":"https:\/\/ehcolo.com\/de\/wp-json\/wp\/v2\/pages\/686\/revisions\/3893"}],"up":[{"embeddable":true,"href":"https:\/\/ehcolo.com\/de\/wp-json\/wp\/v2\/pages\/648"}],"wp:featuredmedia":[{"embeddable":true,"href":"https:\/\/ehcolo.com\/de\/wp-json\/wp\/v2\/media\/477"}],"wp:attachment":[{"href":"https:\/\/ehcolo.com\/de\/wp-json\/wp\/v2\/media?parent=686"}],"curies":[{"name":"wp","href":"https:\/\/api.w.org\/{rel}","templated":true}]}}