{"id":726,"date":"2024-08-29T09:19:55","date_gmt":"2024-08-29T07:19:55","guid":{"rendered":"https:\/\/ehcolo.com\/?page_id=726"},"modified":"2025-01-20T15:07:16","modified_gmt":"2025-01-20T14:07:16","slug":"service","status":"publish","type":"page","link":"https:\/\/ehcolo.com\/de\/service\/","title":{"rendered":"Service"},"content":{"rendered":"<div data-elementor-type=\"wp-page\" data-elementor-id=\"726\" class=\"elementor elementor-726\" data-elementor-post-type=\"page\">\n\t\t\t\t\t\t<header class=\"elementor-section elementor-top-section elementor-element elementor-element-179b2f8a elementor-section-full_width elementor-section-height-min-height elementor-section-height-default elementor-section-items-middle\" data-id=\"179b2f8a\" data-element_type=\"section\" data-e-type=\"section\">\n\t\t\t\t\t\t<div class=\"elementor-container elementor-column-gap-default\">\n\t\t\t\t\t<div class=\"elementor-column elementor-col-100 elementor-top-column elementor-element elementor-element-1da0652\" data-id=\"1da0652\" data-element_type=\"column\" data-e-type=\"column\">\n\t\t\t<div class=\"elementor-widget-wrap elementor-element-populated\">\n\t\t\t\t\t\t<div class=\"elementor-element elementor-element-764a682 elementor-cta--skin-cover elementor-animated-content elementor-bg-transform elementor-bg-transform-zoom-in elementor-widget elementor-widget-call-to-action\" data-id=\"764a682\" data-element_type=\"widget\" data-e-type=\"widget\" data-widget_type=\"call-to-action.default\">\n\t\t\t\t<div class=\"elementor-widget-container\">\n\t\t\t\t\t\t\t<div class=\"elementor-cta\">\n\t\t\t\t\t<div class=\"elementor-cta__bg-wrapper\">\n\t\t\t\t<div class=\"elementor-cta__bg elementor-bg\" style=\"background-image: url(https:\/\/ehcolo.com\/wp-content\/uploads\/2024\/08\/sec-tech-1-1.jpg);\" role=\"img\" aria-label=\"sec-tech-1-1.jpg\"><\/div>\n\t\t\t\t<div class=\"elementor-cta__bg-overlay\"><\/div>\n\t\t\t<\/div>\n\t\t\t\t\t\t\t<div class=\"elementor-cta__content\">\n\t\t\t\t\n\t\t\t\t\t\t\t\t\t<h1 class=\"elementor-cta__title elementor-cta__content-item elementor-content-item elementor-animated-item--grow\">\n\t\t\t\t\t\tService und Ersatzteile\t\t\t\t\t<\/h1>\n\t\t\t\t\n\t\t\t\t\n\t\t\t\t\t\t\t<\/div>\n\t\t\t\t\t\t<\/div>\n\t\t\t\t\t\t<\/div>\n\t\t\t\t<\/div>\n\t\t\t\t\t<\/div>\n\t\t<\/div>\n\t\t\t\t\t<\/div>\n\t\t<\/header>\n\t\t\t\t<section class=\"elementor-section elementor-top-section elementor-element elementor-element-3c438466 elementor-section-boxed elementor-section-height-default elementor-section-height-default\" data-id=\"3c438466\" data-element_type=\"section\" data-e-type=\"section\">\n\t\t\t\t\t\t<div class=\"elementor-container elementor-column-gap-default\">\n\t\t\t\t\t<div class=\"elementor-column elementor-col-100 elementor-top-column elementor-element elementor-element-43df5a9c\" data-id=\"43df5a9c\" data-element_type=\"column\" data-e-type=\"column\">\n\t\t\t<div class=\"elementor-widget-wrap elementor-element-populated\">\n\t\t\t\t\t\t<div class=\"elementor-element elementor-element-7aee3275 elementor-widget elementor-widget-spacer\" data-id=\"7aee3275\" data-element_type=\"widget\" data-e-type=\"widget\" data-widget_type=\"spacer.default\">\n\t\t\t\t<div class=\"elementor-widget-container\">\n\t\t\t\t\t\t\t<div class=\"elementor-spacer\">\n\t\t\t<div class=\"elementor-spacer-inner\"><\/div>\n\t\t<\/div>\n\t\t\t\t\t\t<\/div>\n\t\t\t\t<\/div>\n\t\t\t\t<div class=\"elementor-element elementor-element-13c4addc elementor-widget elementor-widget-text-editor\" data-id=\"13c4addc\" data-element_type=\"widget\" data-e-type=\"widget\" data-widget_type=\"text-editor.default\">\n\t\t\t\t<div class=\"elementor-widget-container\">\n\t\t\t\t\t\t\t\t\t<h2>Ehcolo sorgt f\u00fcr die optimale Nutzung Ihrer Ehcolo-Maschinen<\/h2><p><span style=\"font-weight: 400;\">Bei Ehcolo A\/S stehen Sie und Ihr Unternehmen im Mittelpunkt. Als einer der weltweit f\u00fchrenden Maschinenlieferanten haben wir eine besondere Verpflichtung, Ihre Ehcolo-Maschinen am Laufen zu halten, und k\u00f6nnen Ihnen daher das st\u00e4rkste Servicekonzept des Marktes anbieten. Wir haben eine komplette Serviceorganisation mit allem unter einem Dach. Unsere Gr\u00f6\u00dfe und die M\u00f6glichkeit, 4 von 20 Servicewagen\/Monteuren gleichzeitig auf der Stra\u00dfe zu haben, macht uns \u00e4u\u00dferst flexibel, wenn wir in seltenen F\u00e4llen Ihre Ehcolo-Maschinen warten m\u00fcssen. Mit einem Servicevertrag mit Ehcolo A\/S k\u00f6nnen Sie sich auf Ihr Kerngesch\u00e4ft konzentrieren und unn\u00f6tige Sorgen um Ihre EHCOLO-Maschinen vermeiden. Wir arbeiten mit individuell angepassten Servicevertr\u00e4gen, die genau Ihren Anforderungen entsprechen und Ihre Ausgaben im Auge behalten. Wir regulieren unsere Servicepreise einmal im Jahr entsprechend der Preisentwicklung der d\u00e4nischen Statistik.<\/span><\/p>\t\t\t\t\t\t\t\t<\/div>\n\t\t\t\t<\/div>\n\t\t\t\t\t<\/div>\n\t\t<\/div>\n\t\t\t\t\t<\/div>\n\t\t<\/section>\n\t\t\t\t<section class=\"elementor-section elementor-top-section elementor-element elementor-element-12d357f2 elementor-reverse-tablet elementor-section-boxed elementor-section-height-default elementor-section-height-default\" data-id=\"12d357f2\" data-element_type=\"section\" data-e-type=\"section\">\n\t\t\t\t\t\t<div class=\"elementor-container elementor-column-gap-default\">\n\t\t\t\t\t<div class=\"elementor-column elementor-col-50 elementor-top-column elementor-element elementor-element-1c45b430\" data-id=\"1c45b430\" data-element_type=\"column\" data-e-type=\"column\">\n\t\t\t<div class=\"elementor-widget-wrap elementor-element-populated\">\n\t\t\t\t\t\t<div class=\"elementor-element elementor-element-2e138945 elementor-widget elementor-widget-text-editor\" data-id=\"2e138945\" data-element_type=\"widget\" data-e-type=\"widget\" data-widget_type=\"text-editor.default\">\n\t\t\t\t<div class=\"elementor-widget-container\">\n\t\t\t\t\t\t\t\t\t<h2>Professioneller Service rund um die Uhr<\/h2><p><span style=\"font-weight: 400;\">Holen Sie sich Soforthilfe, wenn Ihre Maschine ausgefallen ist. Wir garantieren schnelle Hilfe \u00fcberall auf der Welt und sind schnell unterwegs. Unsere professionellen Servicemonteure helfen Ihnen vor Ort, damit es schnell weitergeht.<\/span><\/p><p><span style=\"font-weight: 400;\">Wir haben \u00fcber 20 gut ausgebildete Servicemonteure, die auch unsere Maschinen montieren und vor der Auslieferung testen. Sie sind also gl\u00fccklicherweise mehr zu Hause als unterwegs. Wenn sie zur Installation gelieferter Maschinen oder f\u00fcr den Service unterwegs sind, kommen sie von ihrer Privatadresse und bringen alle Ersatzteile f\u00fcr die geplanten Aufgaben des Tages mit.<\/span><\/p><p><span style=\"font-weight: 400;\">Unser Ziel ist es, Ihnen immer einen festen Servicemonteur zuzuweisen, der Ihre Maschine bereits im Vorfeld kennt. Die Servicefahrzeuge sind mit allen notwendigen Werkzeugen, Ersatzteilen und Ger\u00e4ten f\u00fcr die jeweilige Aufgabe ausgestattet \u2013 und selbstverst\u00e4ndlich sind unsere Servicemonte st\u00e4ndig auf dem neuesten Stand unserer Maschinentypen.<\/span><\/p>\t\t\t\t\t\t\t\t<\/div>\n\t\t\t\t<\/div>\n\t\t\t\t\t<\/div>\n\t\t<\/div>\n\t\t\t\t<div class=\"elementor-column elementor-col-50 elementor-top-column elementor-element elementor-element-59d20dbe\" data-id=\"59d20dbe\" data-element_type=\"column\" data-e-type=\"column\">\n\t\t\t<div class=\"elementor-widget-wrap elementor-element-populated\">\n\t\t\t\t\t\t<div class=\"elementor-element elementor-element-4ed4a6c5 elementor-widget elementor-widget-image\" data-id=\"4ed4a6c5\" data-element_type=\"widget\" data-e-type=\"widget\" data-widget_type=\"image.default\">\n\t\t\t\t<div class=\"elementor-widget-container\">\n\t\t\t\t\t\t\t\t\t\t\t\t\t\t\t<img fetchpriority=\"high\" decoding=\"async\" width=\"800\" height=\"736\" src=\"https:\/\/ehcolo.com\/wp-content\/uploads\/2024\/11\/ehcolo_service-1.jpg\" class=\"attachment-large size-large wp-image-2713\" alt=\"\" srcset=\"https:\/\/ehcolo.com\/wp-content\/uploads\/2024\/11\/ehcolo_service-1.jpg 1004w, https:\/\/ehcolo.com\/wp-content\/uploads\/2024\/11\/ehcolo_service-1-300x276.jpg 300w, https:\/\/ehcolo.com\/wp-content\/uploads\/2024\/11\/ehcolo_service-1-768x707.jpg 768w, https:\/\/ehcolo.com\/wp-content\/uploads\/2024\/11\/ehcolo_service-1-13x12.jpg 13w\" sizes=\"(max-width: 800px) 100vw, 800px\" \/>\t\t\t\t\t\t\t\t\t\t\t\t\t\t\t<\/div>\n\t\t\t\t<\/div>\n\t\t\t\t\t<\/div>\n\t\t<\/div>\n\t\t\t\t\t<\/div>\n\t\t<\/section>\n\t\t\t\t<section class=\"elementor-section elementor-top-section elementor-element elementor-element-5f92ba5e elementor-reverse-tablet elementor-reverse-mobile elementor-section-boxed elementor-section-height-default elementor-section-height-default\" data-id=\"5f92ba5e\" data-element_type=\"section\" data-e-type=\"section\">\n\t\t\t\t\t\t<div class=\"elementor-container elementor-column-gap-default\">\n\t\t\t\t\t<div class=\"elementor-column elementor-col-50 elementor-top-column elementor-element elementor-element-6a962e35 elementor-hidden-tablet elementor-hidden-mobile\" data-id=\"6a962e35\" data-element_type=\"column\" data-e-type=\"column\">\n\t\t\t<div class=\"elementor-widget-wrap elementor-element-populated\">\n\t\t\t\t\t\t<div class=\"elementor-element elementor-element-4f8fe0cf elementor-widget elementor-widget-image\" data-id=\"4f8fe0cf\" data-element_type=\"widget\" data-e-type=\"widget\" data-widget_type=\"image.default\">\n\t\t\t\t<div class=\"elementor-widget-container\">\n\t\t\t\t\t\t\t\t\t\t\t\t\t\t\t<img decoding=\"async\" width=\"800\" height=\"450\" src=\"https:\/\/ehcolo.com\/wp-content\/uploads\/2024\/11\/PM-1500-2024-1024x576.jpg\" class=\"attachment-large size-large wp-image-2714\" alt=\"\" srcset=\"https:\/\/ehcolo.com\/wp-content\/uploads\/2024\/11\/PM-1500-2024-1024x576.jpg 1024w, https:\/\/ehcolo.com\/wp-content\/uploads\/2024\/11\/PM-1500-2024-300x169.jpg 300w, https:\/\/ehcolo.com\/wp-content\/uploads\/2024\/11\/PM-1500-2024-768x432.jpg 768w, https:\/\/ehcolo.com\/wp-content\/uploads\/2024\/11\/PM-1500-2024-18x10.jpg 18w, https:\/\/ehcolo.com\/wp-content\/uploads\/2024\/11\/PM-1500-2024.jpg 1366w\" sizes=\"(max-width: 800px) 100vw, 800px\" \/>\t\t\t\t\t\t\t\t\t\t\t\t\t\t\t<\/div>\n\t\t\t\t<\/div>\n\t\t\t\t\t<\/div>\n\t\t<\/div>\n\t\t\t\t<div class=\"elementor-column elementor-col-50 elementor-top-column elementor-element elementor-element-3e1f2650\" data-id=\"3e1f2650\" data-element_type=\"column\" data-e-type=\"column\">\n\t\t\t<div class=\"elementor-widget-wrap elementor-element-populated\">\n\t\t\t\t\t\t<div class=\"elementor-element elementor-element-17e7a9ca elementor-widget elementor-widget-text-editor\" data-id=\"17e7a9ca\" data-element_type=\"widget\" data-e-type=\"widget\" data-widget_type=\"text-editor.default\">\n\t\t\t\t<div class=\"elementor-widget-container\">\n\t\t\t\t\t\t\t\t\t<h2>Service gem\u00e4\u00df aller Vorschriften<\/h2><p><span style=\"font-weight: 400;\">Bei Ehcolo f\u00fchren wir Servicearbeiten gem\u00e4\u00df aller Vorschriften durch. Wir \u00fcberpr\u00fcfen und warten die Maschinen sorgf\u00e4ltig nach festgelegten Checklisten und k\u00f6nnen selbstverst\u00e4ndlich sowohl neue als auch \u00e4ltere Maschinentypen warten, abnehmen und reparieren.<\/span><\/p><p><span style=\"font-weight: 400;\">Bedenken Sie: Eine voll funktionsf\u00e4hige, gepflegte und gewartete Maschine hat einen hohen Wert, sowohl f\u00fcr die Produktion als auch f\u00fcr den Fall eines Verkaufs.<\/span><\/p><p><span style=\"font-weight: 400;\">Hier im Werk in Tob\u00f8l haben wir immer \u00fcber 20.000 Ersatzteile auf Lager, die nat\u00fcrlich auch mit Teilen f\u00fcr neue Maschinen geteilt werden.<\/span><span style=\"font-weight: 400;\">.<\/span><\/p>\t\t\t\t\t\t\t\t<\/div>\n\t\t\t\t<\/div>\n\t\t\t\t<div class=\"elementor-element elementor-element-7d48210 elementor-align-left elementor-mobile-align-left elementor-widget-mobile__width-inherit elementor-widget elementor-widget-button\" data-id=\"7d48210\" data-element_type=\"widget\" data-e-type=\"widget\" data-widget_type=\"button.default\">\n\t\t\t\t<div class=\"elementor-widget-container\">\n\t\t\t\t\t\t\t\t\t<div class=\"elementor-button-wrapper\">\n\t\t\t\t\t<a class=\"elementor-button elementor-button-link elementor-size-sm elementor-animation-grow\" href=\"\/de\/kontakt\/\">\n\t\t\t\t\t\t<span class=\"elementor-button-content-wrapper\">\n\t\t\t\t\t\t<span class=\"elementor-button-icon\">\n\t\t\t\t<i aria-hidden=\"true\" class=\"fas fa-phone-alt\"><\/i>\t\t\t<\/span>\n\t\t\t\t\t\t\t\t\t<span class=\"elementor-button-text\">Kontakt uns<\/span>\n\t\t\t\t\t<\/span>\n\t\t\t\t\t<\/a>\n\t\t\t\t<\/div>\n\t\t\t\t\t\t\t\t<\/div>\n\t\t\t\t<\/div>\n\t\t\t\t\t<\/div>\n\t\t<\/div>\n\t\t\t\t\t<\/div>\n\t\t<\/section>\n\t\t\t\t<section class=\"elementor-section elementor-top-section elementor-element elementor-element-1fa8a454 elementor-section-content-middle elementor-section-stretched elementor-section-boxed elementor-section-height-default elementor-section-height-default\" data-id=\"1fa8a454\" data-element_type=\"section\" data-e-type=\"section\" data-settings=\"{&quot;background_background&quot;:&quot;classic&quot;,&quot;stretch_section&quot;:&quot;section-stretched&quot;}\">\n\t\t\t\t\t\t<div class=\"elementor-container elementor-column-gap-default\">\n\t\t\t\t\t<div class=\"elementor-column elementor-col-50 elementor-top-column elementor-element elementor-element-2f67f4c6\" data-id=\"2f67f4c6\" data-element_type=\"column\" data-e-type=\"column\" data-settings=\"{&quot;background_background&quot;:&quot;classic&quot;}\">\n\t\t\t<div class=\"elementor-widget-wrap elementor-element-populated\">\n\t\t\t\t\t\t<div class=\"elementor-element elementor-element-3d590544 elementor-widget elementor-widget-text-editor\" data-id=\"3d590544\" data-element_type=\"widget\" data-e-type=\"widget\" data-widget_type=\"text-editor.default\">\n\t\t\t\t<div class=\"elementor-widget-container\">\n\t\t\t\t\t\t\t\t\t<h3>Technischer Remote-Support<\/h3><p><span style=\"font-weight: 400;\">Selbstverst\u00e4ndlich haben wir unseren Service um den technischen Support per Telefon und\/oder per Online-Anbindung an die Maschinen erweitert.<\/span><\/p><p><span style=\"font-weight: 400;\">Sollten Sie ein Problem mit Ihrer Maschine haben, welches durch den technischen Support per Telefon oder Online gel\u00f6st werden kann, stehen Ihnen unsere Techniker gerne zur Verf\u00fcgung. Nennen Sie uns die Seriennummer der Maschine sowie weitere Maschinendaten und das Problem und wir helfen Ihnen schnellstm\u00f6glich weiter.<\/span><\/p><p><span style=\"font-weight: 400;\">Der technische Support wird zum geltenden Stundensatz in Rechnung gestellt. Wenn Sie einen erweiterten Servicevertrag mit Ehcolo haben, ist der Support tags\u00fcber kostenlos.<\/span><\/p><p><span style=\"font-weight: 400;\">Sollte sich Ihr Problem telefonisch nicht l\u00f6sen lassen, schicken wir einen unserer kompetenten Monteure vorbei.<\/span><\/p>\t\t\t\t\t\t\t\t<\/div>\n\t\t\t\t<\/div>\n\t\t\t\t\t<\/div>\n\t\t<\/div>\n\t\t\t\t<div class=\"elementor-column elementor-col-50 elementor-top-column elementor-element elementor-element-38e253d6\" data-id=\"38e253d6\" data-element_type=\"column\" data-e-type=\"column\" data-settings=\"{&quot;background_background&quot;:&quot;classic&quot;}\">\n\t\t\t<div class=\"elementor-widget-wrap elementor-element-populated\">\n\t\t\t\t\t\t<div class=\"elementor-element elementor-element-34485d0d elementor-widget__width-initial elementor-widget-mobile__width-inherit elementor-widget elementor-widget-heading\" data-id=\"34485d0d\" data-element_type=\"widget\" data-e-type=\"widget\" data-widget_type=\"heading.default\">\n\t\t\t\t<div class=\"elementor-widget-container\">\n\t\t\t\t\t<h3 class=\"elementor-heading-title elementor-size-default\">Service-Kontakt<\/h3>\t\t\t\t<\/div>\n\t\t\t\t<\/div>\n\t\t\t\t<div class=\"elementor-element elementor-element-65d040bd elementor-align-left elementor-mobile-align-left elementor-widget__width-initial elementor-widget-mobile__width-inherit elementor-widget elementor-widget-button\" data-id=\"65d040bd\" data-element_type=\"widget\" data-e-type=\"widget\" data-widget_type=\"button.default\">\n\t\t\t\t<div class=\"elementor-widget-container\">\n\t\t\t\t\t\t\t\t\t<div class=\"elementor-button-wrapper\">\n\t\t\t\t\t<a class=\"elementor-button elementor-button-link elementor-size-sm elementor-animation-grow\" href=\"mailto:service@ehcolo.dk\">\n\t\t\t\t\t\t<span class=\"elementor-button-content-wrapper\">\n\t\t\t\t\t\t<span class=\"elementor-button-icon\">\n\t\t\t\t<i aria-hidden=\"true\" class=\"fas fa-tools\"><\/i>\t\t\t<\/span>\n\t\t\t\t\t\t\t\t\t<span class=\"elementor-button-text\">Service@ehcolo.dk<\/span>\n\t\t\t\t\t<\/span>\n\t\t\t\t\t<\/a>\n\t\t\t\t<\/div>\n\t\t\t\t\t\t\t\t<\/div>\n\t\t\t\t<\/div>\n\t\t\t\t<div class=\"elementor-element elementor-element-6df85f78 elementor-widget__width-initial elementor-widget-mobile__width-inherit elementor-widget elementor-widget-heading\" data-id=\"6df85f78\" data-element_type=\"widget\" data-e-type=\"widget\" data-widget_type=\"heading.default\">\n\t\t\t\t<div class=\"elementor-widget-container\">\n\t\t\t\t\t<h3 class=\"elementor-heading-title elementor-size-default\">Ersatzteilkontakt\n<\/h3>\t\t\t\t<\/div>\n\t\t\t\t<\/div>\n\t\t\t\t<div class=\"elementor-element elementor-element-296b71f elementor-align-left elementor-mobile-align-left elementor-widget__width-initial elementor-widget-mobile__width-inherit elementor-widget elementor-widget-button\" data-id=\"296b71f\" data-element_type=\"widget\" data-e-type=\"widget\" data-widget_type=\"button.default\">\n\t\t\t\t<div class=\"elementor-widget-container\">\n\t\t\t\t\t\t\t\t\t<div class=\"elementor-button-wrapper\">\n\t\t\t\t\t<a class=\"elementor-button elementor-button-link elementor-size-sm elementor-animation-grow\" href=\"mailto:spareparts@ehcolo.dk\">\n\t\t\t\t\t\t<span class=\"elementor-button-content-wrapper\">\n\t\t\t\t\t\t<span class=\"elementor-button-icon\">\n\t\t\t\t<i aria-hidden=\"true\" class=\"fas fa-cogs\"><\/i>\t\t\t<\/span>\n\t\t\t\t\t\t\t\t\t<span class=\"elementor-button-text\">spareparts@ehcolo.dk<\/span>\n\t\t\t\t\t<\/span>\n\t\t\t\t\t<\/a>\n\t\t\t\t<\/div>\n\t\t\t\t\t\t\t\t<\/div>\n\t\t\t\t<\/div>\n\t\t\t\t\t<\/div>\n\t\t<\/div>\n\t\t\t\t\t<\/div>\n\t\t<\/section>\n\t\t\t\t<\/div>","protected":false},"excerpt":{"rendered":"<p>Service and spare parts Ehcolo ensures optimum use of your Ehcolo machines At Ehcolo A\/S, we put you and your company at the center. As one of the world\u00e2\u20ac\u2122s leading machine suppliers, we have a special obligation to keep your Ehcolo machines running and can therefore offer you the market\u00e2\u20ac\u2122s strongest service concept. We have [&hellip;]<\/p>\n","protected":false},"author":2,"featured_media":0,"parent":0,"menu_order":0,"comment_status":"closed","ping_status":"closed","template":"","meta":{"footnotes":""},"class_list":["post-726","page","type-page","status-publish","hentry"],"yoast_head":"<!-- This site is optimized with the Yoast SEO plugin v27.4 - https:\/\/yoast.com\/product\/yoast-seo-wordpress\/ -->\n<title>Ehcolo Service department | 24 hours support worldwide<\/title>\n<meta name=\"description\" content=\"We ensure optimal use of your machines. This means professional service and remote technical support 24\/7.\" \/>\n<meta name=\"robots\" content=\"index, follow, max-snippet:-1, max-image-preview:large, max-video-preview:-1\" \/>\n<link rel=\"canonical\" href=\"https:\/\/ehcolo.com\/de\/service\/\" \/>\n<meta property=\"og:locale\" content=\"de_DE\" \/>\n<meta property=\"og:type\" content=\"article\" \/>\n<meta property=\"og:title\" content=\"Ehcolo Service department | 24 hours support worldwide\" \/>\n<meta property=\"og:description\" content=\"We ensure optimal use of your machines. This means professional service and remote technical support 24\/7.\" \/>\n<meta property=\"og:url\" content=\"https:\/\/ehcolo.com\/de\/service\/\" \/>\n<meta property=\"og:site_name\" content=\"Ehcolo\" \/>\n<meta property=\"article:modified_time\" content=\"2025-01-20T14:07:16+00:00\" \/>\n<meta property=\"og:image\" content=\"https:\/\/ehcolo.com\/wp-content\/uploads\/2024\/11\/ehcolo_service-1.jpg\" \/>\n\t<meta property=\"og:image:width\" content=\"1004\" \/>\n\t<meta property=\"og:image:height\" content=\"924\" \/>\n\t<meta property=\"og:image:type\" content=\"image\/jpeg\" \/>\n<meta name=\"twitter:card\" content=\"summary_large_image\" \/>\n<meta name=\"twitter:label1\" content=\"Gesch\u00e4tzte Lesezeit\" \/>\n\t<meta name=\"twitter:data1\" content=\"4\u00a0Minuten\" \/>\n<!-- \/ Yoast SEO plugin. -->","yoast_head_json":{"title":"Ehcolo Serviceabteilung | 24 Stunden Support weltweit","description":"Wir sorgen f\u00fcr die optimale Nutzung Ihrer Maschinen. Das bedeutet professionellen Service und technischen Remote-Support rund um die Uhr.","robots":{"index":"index","follow":"follow","max-snippet":"max-snippet:-1","max-image-preview":"max-image-preview:large","max-video-preview":"max-video-preview:-1"},"canonical":"https:\/\/ehcolo.com\/de\/service\/","og_locale":"de_DE","og_type":"article","og_title":"Ehcolo Service department | 24 hours support worldwide","og_description":"We ensure optimal use of your machines. This means professional service and remote technical support 24\/7.","og_url":"https:\/\/ehcolo.com\/de\/service\/","og_site_name":"Ehcolo","article_modified_time":"2025-01-20T14:07:16+00:00","og_image":[{"width":1004,"height":924,"url":"https:\/\/ehcolo.com\/wp-content\/uploads\/2024\/11\/ehcolo_service-1.jpg","type":"image\/jpeg"}],"twitter_card":"summary_large_image","twitter_misc":{"Gesch\u00e4tzte Lesezeit":"4\u00a0Minuten"},"schema":{"@context":"https:\/\/schema.org","@graph":[{"@type":"WebPage","@id":"https:\/\/ehcolo.com\/service\/","url":"https:\/\/ehcolo.com\/service\/","name":"Ehcolo Serviceabteilung | 24 Stunden Support weltweit","isPartOf":{"@id":"https:\/\/ehcolo.com\/en\/#website"},"primaryImageOfPage":{"@id":"https:\/\/ehcolo.com\/service\/#primaryimage"},"image":{"@id":"https:\/\/ehcolo.com\/service\/#primaryimage"},"thumbnailUrl":"https:\/\/ehcolo.com\/wp-content\/uploads\/2024\/11\/ehcolo_service-1.jpg","datePublished":"2024-08-29T07:19:55+00:00","dateModified":"2025-01-20T14:07:16+00:00","description":"Wir sorgen f\u00fcr die optimale Nutzung Ihrer Maschinen. Das bedeutet professionellen Service und technischen Remote-Support rund um die Uhr.","breadcrumb":{"@id":"https:\/\/ehcolo.com\/service\/#breadcrumb"},"inLanguage":"de","potentialAction":[{"@type":"ReadAction","target":["https:\/\/ehcolo.com\/service\/"]}]},{"@type":"ImageObject","inLanguage":"de","@id":"https:\/\/ehcolo.com\/service\/#primaryimage","url":"https:\/\/ehcolo.com\/wp-content\/uploads\/2024\/11\/ehcolo_service-1.jpg","contentUrl":"https:\/\/ehcolo.com\/wp-content\/uploads\/2024\/11\/ehcolo_service-1.jpg"},{"@type":"BreadcrumbList","@id":"https:\/\/ehcolo.com\/service\/#breadcrumb","itemListElement":[{"@type":"ListItem","position":1,"name":"Home","item":"https:\/\/ehcolo.com\/"},{"@type":"ListItem","position":2,"name":"Service"}]},{"@type":"WebSite","@id":"https:\/\/ehcolo.com\/en\/#website","url":"https:\/\/ehcolo.com\/en\/","name":"Ehcolo","description":"","publisher":{"@id":"https:\/\/ehcolo.com\/en\/#organization"},"potentialAction":[{"@type":"SearchAction","target":{"@type":"EntryPoint","urlTemplate":"https:\/\/ehcolo.com\/en\/?s={search_term_string}"},"query-input":{"@type":"PropertyValueSpecification","valueRequired":true,"valueName":"search_term_string"}}],"inLanguage":"de"},{"@type":"Organization","@id":"https:\/\/ehcolo.com\/en\/#organization","name":"Ehcolo","url":"https:\/\/ehcolo.com\/en\/","logo":{"@type":"ImageObject","inLanguage":"de","@id":"https:\/\/ehcolo.com\/en\/#\/schema\/logo\/image\/","url":"https:\/\/ehcolo.com\/wp-content\/uploads\/2024\/08\/Ehcolo_logo_u_bg-1.svg","contentUrl":"https:\/\/ehcolo.com\/wp-content\/uploads\/2024\/08\/Ehcolo_logo_u_bg-1.svg","width":202,"height":57,"caption":"Ehcolo"},"image":{"@id":"https:\/\/ehcolo.com\/en\/#\/schema\/logo\/image\/"}}]}},"_links":{"self":[{"href":"https:\/\/ehcolo.com\/de\/wp-json\/wp\/v2\/pages\/726","targetHints":{"allow":["GET"]}}],"collection":[{"href":"https:\/\/ehcolo.com\/de\/wp-json\/wp\/v2\/pages"}],"about":[{"href":"https:\/\/ehcolo.com\/de\/wp-json\/wp\/v2\/types\/page"}],"author":[{"embeddable":true,"href":"https:\/\/ehcolo.com\/de\/wp-json\/wp\/v2\/users\/2"}],"replies":[{"embeddable":true,"href":"https:\/\/ehcolo.com\/de\/wp-json\/wp\/v2\/comments?post=726"}],"version-history":[{"count":0,"href":"https:\/\/ehcolo.com\/de\/wp-json\/wp\/v2\/pages\/726\/revisions"}],"wp:attachment":[{"href":"https:\/\/ehcolo.com\/de\/wp-json\/wp\/v2\/media?parent=726"}],"curies":[{"name":"wp","href":"https:\/\/api.w.org\/{rel}","templated":true}]}}